{"id":37925,"date":"2026-04-16T11:48:24","date_gmt":"2026-04-16T06:18:24","guid":{"rendered":"https:\/\/asicmarketplace.com\/?post_type=product&#038;p=37925"},"modified":"2026-04-16T11:52:03","modified_gmt":"2026-04-16T06:22:03","slug":"lucky-miner-lv07-pro-minero-de-bitcoin","status":"publish","type":"product","link":"https:\/\/asicmarketplace.com\/es\/product\/lucky-miner-lv07-pro-bitcoin-miner\/","title":{"rendered":"Lucky Miner LV07 Pro Bitcoin Minero"},"content":{"rendered":"<h3 style=\"text-align: center;\">RESUMEN<\/h3>\n<p style=\"text-align: center;\"><strong>Lucky Miner LV07 Pro <\/strong>3\u00ba <strong>SHA-256<\/strong> con una potencia hash de<strong> 3Th\/s<\/strong> en <strong>50W<\/strong> consumo de energ\u00eda.<\/p>\n<h3 style=\"text-align: center;\">ESPECIFICACIONES<\/h3>\n<table class=\"table table-striped\">\n<tbody>\n<tr>\n<th scope=\"row\">Fabricante<\/th>\n<td>Lucky Miner<\/td>\n<\/tr>\n<tr>\n<th scope=\"row\">Modelo<\/th>\n<td>LV07 Pro<\/td>\n<\/tr>\n<tr>\n<th scope=\"row\">Tama\u00f1o sin<\/th>\n<td>200 x 148 x 68mm<\/td>\n<\/tr>\n<tr>\n<th scope=\"row\">Tama\u00f1o con<\/th>\n<td>250 x 241 x 93 mm<\/td>\n<\/tr>\n<tr>\n<th scope=\"row\">Peso neto<\/th>\n<td>370g<\/td>\n<\/tr>\n<tr>\n<th scope=\"row\">Nivel de ruido<\/th>\n<td>38\u00a0dB<\/td>\n<\/tr>\n<tr>\n<th scope=\"row\">Voltaje<\/th>\n<td>100-240v<\/td>\n<\/tr>\n<tr>\n<th scope=\"row\">Potencia<\/th>\n<td>50W<\/td>\n<\/tr>\n<tr>\n<th scope=\"row\">Interfaz - Ethernet<\/th>\n<td>WiFi 2.4g<\/td>\n<\/tr>\n<tr>\n<th scope=\"row\">Temperatura<\/th>\n<td>5 - 45 \u00b0C<\/td>\n<\/tr>\n<tr>\n<th scope=\"row\">Humedad<\/th>\n<td>5 - 95 %<\/td>\n<\/tr>\n<tr>\n<th scope=\"row\">Garant\u00eda<\/th>\n<td>No se incluye cobertura post parto.<\/td>\n<\/tr>\n<\/tbody>\n<\/table>","protected":false},"excerpt":{"rendered":"RESUMEN Lucky Miner LV07 Pro (3Th) del algoritmo SHA-256 con una potencia de c\u00e1lculo de 3Th\/s y un consumo de energ\u00eda de 50W. ESPECIFICACIONES Fabricante Lucky Miner Modelo LV07 Pro Tama\u00f1o sin 200 x 148 x 68 mm Tama\u00f1o con 250 x 241 x 93 mm Peso neto 370 g Nivel de ruido 38 db Voltaje 100-240v Potencia 50W Interfaz WiFi 2.4g Temperatura 5 \u2013\u2026 <a class=\"view-article\" href=\"https:\/\/asicmarketplace.com\/es\/product\/lucky-miner-lv07-pro-bitcoin-miner\/\">Ver art\u00edculo<\/a>","protected":false},"featured_media":37927,"comment_status":"open","ping_status":"closed","template":"","meta":{"content-type":""},"product_brand":[505,508],"product_cat":[518],"product_tag":[],"class_list":{"0":"post-37925","1":"product","2":"type-product","3":"status-publish","4":"has-post-thumbnail","6":"product_brand-asic-miners","7":"product_brand-home-miners","8":"product_cat-lucky-miner","9":"collection-bitcoin-miners","11":"first","12":"outofstock","13":"shipping-taxable","14":"purchasable","15":"product-type-variable","16":"has-default-attributes"},"acf":[],"_links":{"self":[{"href":"https:\/\/asicmarketplace.com\/es\/wp-json\/wp\/v2\/product\/37925","targetHints":{"allow":["GET"]}}],"collection":[{"href":"https:\/\/asicmarketplace.com\/es\/wp-json\/wp\/v2\/product"}],"about":[{"href":"https:\/\/asicmarketplace.com\/es\/wp-json\/wp\/v2\/types\/product"}],"replies":[{"embeddable":true,"href":"https:\/\/asicmarketplace.com\/es\/wp-json\/wp\/v2\/comments?post=37925"}],"wp:featuredmedia":[{"embeddable":true,"href":"https:\/\/asicmarketplace.com\/es\/wp-json\/wp\/v2\/media\/37927"}],"wp:attachment":[{"href":"https:\/\/asicmarketplace.com\/es\/wp-json\/wp\/v2\/media?parent=37925"}],"wp:term":[{"taxonomy":"product_brand","embeddable":true,"href":"https:\/\/asicmarketplace.com\/es\/wp-json\/wp\/v2\/product_brand?post=37925"},{"taxonomy":"product_cat","embeddable":true,"href":"https:\/\/asicmarketplace.com\/es\/wp-json\/wp\/v2\/product_cat?post=37925"},{"taxonomy":"product_tag","embeddable":true,"href":"https:\/\/asicmarketplace.com\/es\/wp-json\/wp\/v2\/product_tag?post=37925"}],"curies":[{"name":"wp","href":"https:\/\/api.w.org\/{rel}","templated":true}]}}