{"id":18316,"date":"2023-08-30T00:18:09","date_gmt":"2023-08-29T18:48:09","guid":{"rendered":"https:\/\/asicmarketplace.com\/?page_id=18316"},"modified":"2024-03-04T15:44:32","modified_gmt":"2024-03-04T10:14:32","slug":"prevention-de-la-fraude","status":"publish","type":"page","link":"https:\/\/asicmarketplace.com\/fr\/fraud-prevention\/","title":{"rendered":"Pr\u00e9vention de la fraude"},"content":{"rendered":"<p style=\"text-align: left\">Nous avons des informations importantes pour nos pr\u00e9cieux clients. Nous avons appris que plusieurs tentatives malveillantes ont \u00e9t\u00e9 men\u00e9es au nom de ASIC MARKETPLACE. Nous accordons la priorit\u00e9 \u00e0 la s\u00e9curit\u00e9 des donn\u00e9es financi\u00e8res et des transactions de nos clients. Par cons\u00e9quent, nous souhaitons vous fournir des instructions et des mesures essentielles qui pourraient potentiellement vous \u00e9viter d'\u00eatre victime de telles fraudes.<\/p>\n<p style=\"text-align: left\"><b>Veuillez vous abstenir de toute activit\u00e9 frauduleuse !!<\/b><\/p>\n<h3 style=\"text-align: left\">V\u00e9rifier l'authenticit\u00e9<\/h3>\n<p style=\"text-align: left\">Si vous recevez des messages\/e-mails\/appels pr\u00e9tendant provenir de notre plateforme et vous demandant vos informations personnelles et financi\u00e8res, v\u00e9rifiez leur authenticit\u00e9. Sans aucune v\u00e9rification, veuillez ne pas effectuer de paiement ni r\u00e9pondre aux e-mails ou appels de toute plateforme qui semble similaire \u00e0 la n\u00f4tre.<\/p>\n<hr \/>\n<h3 style=\"text-align: left\">Nos canaux de communication l\u00e9gitimes<\/h3>\n<p style=\"text-align: left\">Nos canaux de communication officiels et l\u00e9gitimes sont les suivants :<\/p>\n<ul style=\"text-align: left\">\n<li class=\"translation-block\">**Site officiel :** <a href=\"https:\/\/asicmarketplace.com\/fr\/\" target=\"_self\">https:\/\/asicmarketplace.com\/<\/a><\/li>\n<li class=\"translation-block\"><b>Email du support client : <\/b>sales@asicmarkeplace.com<\/li>\n<li><b>Num\u00e9ro de contact du service client :<\/b> +12546516565<\/li>\n<li><b>Num\u00e9ro de contact WhatsApp<\/b>: +12546516565<\/li>\n<\/ul>\n<p style=\"text-align: left\">Nous n'avons pas d'autres canaux de plateforme de communication que ceux-ci. Si vous tombez sur une plateforme ou un site web qui utilise nos informations, veuillez vous assurer de signaler cette page, accompagn\u00e9e des captures d'\u00e9cran ou des liens, imm\u00e9diatement \u00e0 notre adresse e-mail \u00e0 sales@asicmarketplace.com.<\/p>\n<hr \/>\n<h3 style=\"text-align: left\">Nos noms d'utilisateurs sur les r\u00e9seaux sociaux<\/h3>\n<ul style=\"text-align: left\">\n<li class=\"translation-block\">Twitter : <a href=\"https:\/\/twitter.com\/AsicMarketplace\" target=\"_blank\" rel=\"noopener\">https:\/\/twitter.com\/AsicMarketplace<\/a><\/li>\n<li class=\"translation-block\">Facebook : <a href=\"https:\/\/www.facebook.com\/asicmarketplace\/\" target=\"_blank\" rel=\"noopener\">https:\/\/www.facebook.com\/asicmarketplace\/<\/a><\/li>\n<\/ul>\n<hr \/>\n<h3 style=\"text-align: left\">Ne partagez jamais d'OTP ou d'informations d'identification de connexion.<\/h3>\n<p style=\"text-align: left\">Nous ne vous demandons jamais de partager un mot de passe \u00e0 usage unique (OTP). Par cons\u00e9quent, \u00e9vitez de partager tout type d'OTP si on vous le demande en pr\u00e9tendant \u00eatre nous. Nous ne vous demandons pas vos informations de connexion ni vos informations personnelles. Par cons\u00e9quent, abstenez-vous de partager vos informations d'identification de connexion ou toute information sensible avec qui que ce soit.<\/p>\n<hr \/>\n<h3 style=\"text-align: left\">Utilisez des mots de passe forts<\/h3>\n<p style=\"text-align: left\">Pour s\u00e9curiser votre compte et prot\u00e9ger vos informations, assurez-vous d'utiliser uniquement des mots de passe forts. Utilisez des majuscules et des minuscules, ainsi que des chiffres et des symboles uniques, pour s\u00e9curiser votre compte afin que personne ne puisse y acc\u00e9der.<\/p>\n<hr \/>\n<h3 style=\"text-align: left\">Ne cliquez pas sur les liens suspects<\/h3>\n<p style=\"text-align: left\">La fraude la plus courante perp\u00e9tr\u00e9e par les pirates informatiques et les fraudeurs est le spam ou les liens suspects qu'ils envoient simultan\u00e9ment \u00e0 plusieurs utilisateurs. Des personnes vivant dans le monde entier ont signal\u00e9 que lorsqu'elles cliquent sur l'un de ces liens, leur \u00e9cran se bloque, devient noir ou reste normal. Apr\u00e8s un certain temps, une somme importante est d\u00e9duite de leurs comptes bancaires. Par cons\u00e9quent, soyez conscient de ne jamais cliquer sur un lien qui vous est envoy\u00e9 sur quelque plateforme que ce soit, pr\u00e9tendant nous repr\u00e9senter ou repr\u00e9senter qui que ce soit. Assurez-vous de confirmer l'authenticit\u00e9 de la source avant de consid\u00e9rer de tels liens, ou ignorez-les tout simplement.<\/p>\n<hr \/>\n<h3 style=\"text-align: left\">Comment signaler une activit\u00e9 suspecte ?<\/h3>\n<p style=\"text-align: left\">Voici ce que vous pouvez faire pour prot\u00e9ger vos informations et \u00e9viter d'\u00eatre victime de fraudes :<\/p>\n<hr \/>\n<h3 style=\"text-align: left\">\u00c9vitez les e-mails ou les appels suspects.<\/h3>\n<p style=\"text-align: left\">Veuillez ne pas r\u00e9pondre aux e-mails ou aux appels suspects vous demandant vos informations personnelles et financi\u00e8res, en pr\u00e9tendant \u00eatre un dirigeant de notre plateforme.<\/p>\n<hr \/>\n<h3 style=\"text-align: left\">Contactez notre support client<\/h3>\n<p style=\"text-align: left\" class=\"translation-block\">Signalez de tels e-mails et num\u00e9ros de t\u00e9l\u00e9phone en contactant notre page de support client en utilisant notre <a href=\"https:\/\/asicmarketplace.com\/fr\/contact\/\" target=\"_self\">lien vers la page de support<\/a> ou via notre identifiant d'e-mail et num\u00e9ro de t\u00e9l\u00e9phone officiels mentionn\u00e9s ci-dessus.<\/p>\n<hr \/>\n<h3 style=\"text-align: left\">Signaler la Federal Trade Commission<\/h3>\n<p style=\"text-align: left\">D\u00e9posez un rapport aupr\u00e8s de la Federal Trade Commission si un montant a \u00e9t\u00e9 d\u00e9duit de votre compte par des moyens suspects.<\/p>\n<hr \/>\n<h3 style=\"text-align: left\"><b>Veuillez noter:<\/b><\/h3>\n<ul style=\"text-align: left\">\n<li>Il est de notre responsabilit\u00e9 d'informer nos clients de toute fraude potentielle pouvant \u00eatre effectu\u00e9e \u00e0 l'aide de notre identit\u00e9 similaire. Assurez-vous de bien conna\u00eetre nos conditions g\u00e9n\u00e9rales avant de proc\u00e9der ou d'effectuer des transactions.<\/li>\n<\/ul>\n<ul style=\"text-align: left\">\n<li class=\"translation-block\">Vous pouvez \u00e9galement visiter notre page <a href=\"https:\/\/asicmarketplace.com\/fr\/faqs\/\" target=\"_self\">FAQ<\/a> pour trouver les r\u00e9ponses \u00e0 vos questions concernant la confidentialit\u00e9, la protection de vos informations, les paiements et la s\u00e9curit\u00e9. Cependant, pour toute autre pr\u00e9occupation et demande, contactez-nous sans h\u00e9siter en utilisant les coordonn\u00e9es ci-dessus.<\/li>\n<\/ul>\n<p style=\"text-align: left\">Nous vous remercions de votre patience et de votre pr\u00e9cieux temps !<\/p>","protected":false},"excerpt":{"rendered":"We have important information for our Valued Customers. It has come to our knowledge that several malicious attempts were carried out in the name of ASIC MARKETPLACE. We prioritize the security and safety of our customers\u2019 financial data and transactions. Therefore, we want to provide you with essential instructions and measures that potentially save you&#8230; <a class=\"view-article\" href=\"https:\/\/asicmarketplace.com\/fr\/fraud-prevention\/\">View Article<\/a>","protected":false},"author":1,"featured_media":0,"parent":0,"menu_order":0,"comment_status":"closed","ping_status":"closed","template":"","meta":{"content-type":"","footnotes":""},"class_list":["post-18316","page","type-page","status-publish","hentry"],"acf":[],"_links":{"self":[{"href":"https:\/\/asicmarketplace.com\/fr\/wp-json\/wp\/v2\/pages\/18316","targetHints":{"allow":["GET"]}}],"collection":[{"href":"https:\/\/asicmarketplace.com\/fr\/wp-json\/wp\/v2\/pages"}],"about":[{"href":"https:\/\/asicmarketplace.com\/fr\/wp-json\/wp\/v2\/types\/page"}],"author":[{"embeddable":true,"href":"https:\/\/asicmarketplace.com\/fr\/wp-json\/wp\/v2\/users\/1"}],"replies":[{"embeddable":true,"href":"https:\/\/asicmarketplace.com\/fr\/wp-json\/wp\/v2\/comments?post=18316"}],"version-history":[{"count":7,"href":"https:\/\/asicmarketplace.com\/fr\/wp-json\/wp\/v2\/pages\/18316\/revisions"}],"predecessor-version":[{"id":21564,"href":"https:\/\/asicmarketplace.com\/fr\/wp-json\/wp\/v2\/pages\/18316\/revisions\/21564"}],"wp:attachment":[{"href":"https:\/\/asicmarketplace.com\/fr\/wp-json\/wp\/v2\/media?parent=18316"}],"curies":[{"name":"wp","href":"https:\/\/api.w.org\/{rel}","templated":true}]}}