{"id":11407,"date":"2021-11-10T18:15:04","date_gmt":"2021-11-10T18:15:04","guid":{"rendered":"https:\/\/asicmarketplace.com\/?post_type=product&#038;p=11407"},"modified":"2026-04-12T10:15:27","modified_gmt":"2026-04-12T04:45:27","slug":"bitmain-antminer-s19-xp-140th","status":"publish","type":"product","link":"https:\/\/asicmarketplace.com\/fr\/product\/bitmain-antminer-s19-xp-140th\/","title":{"rendered":"Bitmain Antminer S19 XP (141e)"},"content":{"rendered":"<h3 style=\"text-align: center;\">APER\u00c7U<\/h3>\n<p style=\"text-align: center;\"><strong>Bitmain Antminer S19 XP<\/strong> (141Th) of <b>SHA-256<\/b> algorithme avec puissance de hachage de <b>141Th\/s <\/b>\u00e0 <b>3010W<\/b> consommation d'\u00e9nergie.<\/p>\n<h3 style=\"text-align: center;\">CARACT\u00c9RISTIQUES TECHNIQUES<\/h3>\n<p>&nbsp;<\/p>\n<table>\n<tbody>\n<tr>\n<th scope=\"row\">Fabricant<\/th>\n<td>Bitmain<\/td>\n<\/tr>\n<tr>\n<th scope=\"row\">Mod\u00e8le<\/th>\n<td>Antminer S19 XP (141Th)<\/td>\n<\/tr>\n<tr>\n<th scope=\"row\">Lib\u00e9ration<\/th>\n<td>July 2022<\/td>\n<\/tr>\n<tr>\n<th scope=\"row\">Taille sans<\/th>\n<td>400 x 195 x 290mm<\/td>\n<\/tr>\n<tr>\n<th scope=\"row\">Size with<\/th>\n<td>570 x 316 x 430mm<\/td>\n<\/tr>\n<tr>\n<th scope=\"row\">Efficacit\u00e9 \u00e9nerg\u00e9tique<\/th>\n<td>21.5 J\/T<\/td>\n<\/tr>\n<tr>\n<th scope=\"row\">Poids Net<\/th>\n<td>14400g<\/td>\n<\/tr>\n<tr>\n<th scope=\"row\">Weight Gross<\/th>\n<td>16000g<\/td>\n<\/tr>\n<tr>\n<th scope=\"row\">Niveau sonore<\/th>\n<td>75 dB<\/td>\n<\/tr>\n<tr>\n<th scope=\"row\">Fan(s)<\/th>\n<td>4<\/td>\n<\/tr>\n<tr>\n<th scope=\"row\">Puissance<\/th>\n<td>3010W<\/td>\n<\/tr>\n<tr>\n<th scope=\"row\">Efficacit\u00e9 \u00e9nerg\u00e9tique<\/th>\n<td>21.5\u00b15%<\/td>\n<\/tr>\n<tr>\n<th scope=\"row\">Temp\u00e9rature de stockage.<\/th>\n<td>-20-70<\/td>\n<\/tr>\n<tr>\n<th scope=\"row\">Tension<\/th>\n<td>12V<\/td>\n<\/tr>\n<tr>\n<th scope=\"row\">Interface<\/th>\n<td>Ethernet<\/td>\n<\/tr>\n<tr>\n<th scope=\"row\">Temp\u00e9rature<\/th>\n<td>0 \u2013 40 \u00b0C<\/td>\n<\/tr>\n<tr>\n<th scope=\"row\">Humidit\u00e9<\/th>\n<td>10 \u2013 90 %<\/td>\n<\/tr>\n<tr>\n<th scope=\"row\">Garantie<\/th>\n<td>365 jours<\/td>\n<\/tr>\n<\/tbody>\n<\/table>","protected":false},"excerpt":{"rendered":"OVERVIEW Bitmain Antminer S19 XP (141Th) of SHA-256 algorithm with hashing power of 141Th\/s at 3010W power consumption. SPECIFICATIONS &nbsp; Manufacturer Bitmain Model Antminer S19 XP (141Th) Release July 2022 Size w\/o 400 x 195 x 290mm Size with 570 x 316 x 430mm Power Efficiency 21.5 J\/T Weight Net 14400g Weight Gross 16000g Noise&#8230; <a class=\"view-article\" href=\"https:\/\/asicmarketplace.com\/fr\/product\/bitmain-antminer-s19-xp-140th\/\">View Article<\/a>","protected":false},"featured_media":16025,"comment_status":"open","ping_status":"closed","template":"","meta":{"content-type":""},"product_brand":[505,508],"product_cat":[15],"product_tag":[],"class_list":{"0":"post-11407","1":"product","2":"type-product","3":"status-publish","4":"has-post-thumbnail","6":"product_brand-asic-miners","7":"product_brand-home-miners","8":"product_cat-bitmain","9":"collection-bitcoin-miners","11":"first","12":"instock","13":"featured","14":"shipping-taxable","15":"purchasable","16":"product-type-variable","17":"has-default-attributes"},"acf":[],"_links":{"self":[{"href":"https:\/\/asicmarketplace.com\/fr\/wp-json\/wp\/v2\/product\/11407","targetHints":{"allow":["GET"]}}],"collection":[{"href":"https:\/\/asicmarketplace.com\/fr\/wp-json\/wp\/v2\/product"}],"about":[{"href":"https:\/\/asicmarketplace.com\/fr\/wp-json\/wp\/v2\/types\/product"}],"replies":[{"embeddable":true,"href":"https:\/\/asicmarketplace.com\/fr\/wp-json\/wp\/v2\/comments?post=11407"}],"wp:featuredmedia":[{"embeddable":true,"href":"https:\/\/asicmarketplace.com\/fr\/wp-json\/wp\/v2\/media\/16025"}],"wp:attachment":[{"href":"https:\/\/asicmarketplace.com\/fr\/wp-json\/wp\/v2\/media?parent=11407"}],"wp:term":[{"taxonomy":"product_brand","embeddable":true,"href":"https:\/\/asicmarketplace.com\/fr\/wp-json\/wp\/v2\/product_brand?post=11407"},{"taxonomy":"product_cat","embeddable":true,"href":"https:\/\/asicmarketplace.com\/fr\/wp-json\/wp\/v2\/product_cat?post=11407"},{"taxonomy":"product_tag","embeddable":true,"href":"https:\/\/asicmarketplace.com\/fr\/wp-json\/wp\/v2\/product_tag?post=11407"}],"curies":[{"name":"wp","href":"https:\/\/api.w.org\/{rel}","templated":true}]}}