{"id":15615,"date":"2022-11-12T22:53:57","date_gmt":"2022-11-12T17:23:57","guid":{"rendered":"https:\/\/asicmarketplace.com\/?post_type=product&#038;p=15615"},"modified":"2026-03-16T14:20:53","modified_gmt":"2026-03-16T08:50:53","slug":"canaan-avalon-a1366-130th","status":"publish","type":"product","link":"https:\/\/asicmarketplace.com\/fr\/product\/canaan-avalon-a1366-130th\/","title":{"rendered":"Canaan Avalon A1366 BTC Miner (130Th)"},"content":{"rendered":"<h3 style=\"text-align: center;\">APER\u00c7U<\/h3>\n<p style=\"text-align: center;\" class=\"translation-block\"><strong>Avalon A1366<\/strong> (130Th) of <strong><b>SHA-256<\/b><\/strong>&nbsp;algorithm with hashing power of<strong> 130Th\/s<\/strong> at <strong>3250W<\/strong> power consumption.<\/p>\n<h3 style=\"text-align: center;\">CARACT\u00c9RISTIQUES TECHNIQUES<\/h3>\n<table class=\"table table-striped\">\n<tbody>\n<tr>\n<th scope=\"row\">Fabricant<\/th>\n<td>Canaan<\/td>\n<\/tr>\n<tr>\n<th scope=\"row\">Mod\u00e8le<\/th>\n<td>Avalon A1366 (130Th)<\/td>\n<\/tr>\n<tr>\n<th scope=\"row\">Lib\u00e9ration<\/th>\n<td>October 2022<\/td>\n<\/tr>\n<tr>\n<th scope=\"row\">Taille<\/th>\n<td>297 x 192 x 292mm<\/td>\n<\/tr>\n<tr>\n<th scope=\"row\">Poids<\/th>\n<td>13Kg<\/td>\n<\/tr>\n<tr>\n<th scope=\"row\">Efficacit\u00e9 \u00e9nerg\u00e9tique<\/th>\n<td>25J\/TH, -5%~+5%@25\u2103<\/td>\n<\/tr>\n<tr>\n<th scope=\"row\">Fan(s)<\/th>\n<td>4<\/td>\n<\/tr>\n<tr>\n<th scope=\"row\">Puissance<\/th>\n<td>3250W, -5%~+5%@Wall-Plug<\/td>\n<\/tr>\n<tr>\n<th scope=\"row\">Refroidissement<\/th>\n<td>4 x 12038 Fan \/ 2 x 12050 Fan<\/td>\n<\/tr>\n<tr>\n<th scope=\"row\">Interface<\/th>\n<td>Ethernet<\/td>\n<\/tr>\n<tr>\n<th scope=\"row\">Temp\u00e9rature<\/th>\n<td>5 \u2013 35 \u00b0C<\/td>\n<\/tr>\n<tr>\n<th scope=\"row\">Humidit\u00e9<\/th>\n<td>5- 95 %<\/td>\n<\/tr>\n<\/tbody>\n<\/table>","protected":false},"excerpt":{"rendered":"OVERVIEW Avalon A1366 (130Th) of SHA-256\u00a0algorithm with hashing power of 130Th\/s at 3250W power consumption. SPECIFICATIONS Manufacturer Canaan Model Avalon A1366 (130Th) Release October 2022 Size 297 x 192 x 292mm Weight 13Kg Power Efficiency 25J\/TH, -5%~+5%@25\u2103 Fan(s) 4 Power 3250W, -5%~+5%@Wall-Plug Cooling 4 x 12038 Fan \/ 2 x 12050 Fan Interface Ethernet Temperature&#8230; <a class=\"view-article\" href=\"https:\/\/asicmarketplace.com\/fr\/product\/canaan-avalon-a1366-130th\/\">View Article<\/a>","protected":false},"featured_media":15966,"comment_status":"open","ping_status":"closed","template":"","meta":{"content-type":""},"product_brand":[505],"product_cat":[83],"product_tag":[],"class_list":{"0":"post-15615","1":"product","2":"type-product","3":"status-publish","4":"has-post-thumbnail","6":"product_brand-asic-miners","7":"product_cat-canaan-avalon","8":"collection-bitcoin-miners","10":"first","11":"outofstock","12":"shipping-taxable","13":"purchasable","14":"product-type-variable","15":"has-default-attributes"},"acf":[],"_links":{"self":[{"href":"https:\/\/asicmarketplace.com\/fr\/wp-json\/wp\/v2\/product\/15615","targetHints":{"allow":["GET"]}}],"collection":[{"href":"https:\/\/asicmarketplace.com\/fr\/wp-json\/wp\/v2\/product"}],"about":[{"href":"https:\/\/asicmarketplace.com\/fr\/wp-json\/wp\/v2\/types\/product"}],"replies":[{"embeddable":true,"href":"https:\/\/asicmarketplace.com\/fr\/wp-json\/wp\/v2\/comments?post=15615"}],"wp:featuredmedia":[{"embeddable":true,"href":"https:\/\/asicmarketplace.com\/fr\/wp-json\/wp\/v2\/media\/15966"}],"wp:attachment":[{"href":"https:\/\/asicmarketplace.com\/fr\/wp-json\/wp\/v2\/media?parent=15615"}],"wp:term":[{"taxonomy":"product_brand","embeddable":true,"href":"https:\/\/asicmarketplace.com\/fr\/wp-json\/wp\/v2\/product_brand?post=15615"},{"taxonomy":"product_cat","embeddable":true,"href":"https:\/\/asicmarketplace.com\/fr\/wp-json\/wp\/v2\/product_cat?post=15615"},{"taxonomy":"product_tag","embeddable":true,"href":"https:\/\/asicmarketplace.com\/fr\/wp-json\/wp\/v2\/product_tag?post=15615"}],"curies":[{"name":"wp","href":"https:\/\/api.w.org\/{rel}","templated":true}]}}