{"id":16034,"date":"2022-12-27T18:12:32","date_gmt":"2022-12-27T12:42:32","guid":{"rendered":"https:\/\/asicmarketplace.com\/?post_type=product&#038;p=16034"},"modified":"2026-03-16T14:18:31","modified_gmt":"2026-03-16T08:48:31","slug":"bitmain-antminer-s19j-pro-bitcoin-miner","status":"publish","type":"product","link":"https:\/\/asicmarketplace.com\/fr\/product\/bitmain-antminer-s19j-pro-bitcoin-miner\/","title":{"rendered":"Bitmain Antminer S19j Pro+ BTC Miner"},"content":{"rendered":"<h3 style=\"text-align: center;\">APER\u00c7U<\/h3>\n<p style=\"text-align: center;\" class=\"translation-block\"><strong>Antminer S19j Pro+<\/strong> (122Th) of <strong>SHA-256<\/strong> <strong>algorithm<\/strong> with hashing power of<strong> 122Th\/s<\/strong> at <strong>3355W<\/strong> power consumption.<\/p>\n<h3 style=\"text-align: center;\">CARACT\u00c9RISTIQUES TECHNIQUES<\/h3>\n<table class=\"table table-striped\">\n<tbody>\n<tr>\n<th scope=\"row\">Fabricant<\/th>\n<td>Bitmain<\/td>\n<\/tr>\n<tr>\n<th scope=\"row\">Mod\u00e8le<\/th>\n<td>Antminer S19j Pro+ (122Th)<\/td>\n<\/tr>\n<tr>\n<th scope=\"row\">Lib\u00e9ration<\/th>\n<td>December 2022<\/td>\n<\/tr>\n<tr>\n<th scope=\"row\">Taille sans<\/th>\n<td>400 x 195 x 290mm<\/td>\n<\/tr>\n<tr>\n<th scope=\"row\">Size with<\/th>\n<td>570 x 316 x 430mm<\/td>\n<\/tr>\n<tr>\n<th scope=\"row\">Poids Net<\/th>\n<td>13700g<\/td>\n<\/tr>\n<tr>\n<th scope=\"row\">Weight Gross<\/th>\n<td>15740g<\/td>\n<\/tr>\n<tr>\n<th scope=\"row\">Niveau sonore<\/th>\n<td>75 dB<\/td>\n<\/tr>\n<tr>\n<th scope=\"row\">Fan(s)<\/th>\n<td>4<\/td>\n<\/tr>\n<tr>\n<th scope=\"row\">Puissance<\/th>\n<td>3355W<\/td>\n<\/tr>\n<tr>\n<th scope=\"row\">Efficacit\u00e9 \u00e9nerg\u00e9tique<\/th>\n<td>27.5 \u00b15%<\/td>\n<\/tr>\n<tr>\n<th scope=\"row\">Temp\u00e9rature de stockage.<\/th>\n<td>-20-70<\/td>\n<\/tr>\n<tr>\n<th scope=\"row\">Tension<\/th>\n<td>220-240V<\/td>\n<\/tr>\n<tr>\n<th scope=\"row\">Interface<\/th>\n<td>Ethernet<\/td>\n<\/tr>\n<tr>\n<th scope=\"row\">Temp\u00e9rature<\/th>\n<td>0 \u2013 40 \u00b0C<\/td>\n<\/tr>\n<tr>\n<th scope=\"row\">Humidit\u00e9<\/th>\n<td>10- 90 %<\/td>\n<\/tr>\n<tr>\n<th scope=\"row\">Garantie<\/th>\n<td>365 jours<\/td>\n<\/tr>\n<\/tbody>\n<\/table>","protected":false},"excerpt":{"rendered":"OVERVIEW Antminer S19j Pro+ (122Th) of SHA-256 algorithm with hashing power of 122Th\/s at 3355W power consumption. SPECIFICATIONS Manufacturer Bitmain Model Antminer S19j Pro+ (122Th) Release December 2022 Size w\/o 400 x 195 x 290mm Size with 570 x 316 x 430mm Weight Net 13700g Weight Gross 15740g Noise level 75db Fan(s) 4 Power 3355W&#8230; <a class=\"view-article\" href=\"https:\/\/asicmarketplace.com\/fr\/product\/bitmain-antminer-s19j-pro-bitcoin-miner\/\">View Article<\/a>","protected":false},"featured_media":17442,"comment_status":"open","ping_status":"closed","template":"","meta":{"content-type":""},"product_brand":[505],"product_cat":[15],"product_tag":[],"class_list":{"0":"post-16034","1":"product","2":"type-product","3":"status-publish","4":"has-post-thumbnail","6":"product_brand-asic-miners","7":"product_cat-bitmain","8":"collection-bitcoin-miners","10":"first","11":"outofstock","12":"featured","13":"shipping-taxable","14":"purchasable","15":"product-type-variable","16":"has-default-attributes"},"acf":[],"_links":{"self":[{"href":"https:\/\/asicmarketplace.com\/fr\/wp-json\/wp\/v2\/product\/16034","targetHints":{"allow":["GET"]}}],"collection":[{"href":"https:\/\/asicmarketplace.com\/fr\/wp-json\/wp\/v2\/product"}],"about":[{"href":"https:\/\/asicmarketplace.com\/fr\/wp-json\/wp\/v2\/types\/product"}],"replies":[{"embeddable":true,"href":"https:\/\/asicmarketplace.com\/fr\/wp-json\/wp\/v2\/comments?post=16034"}],"wp:featuredmedia":[{"embeddable":true,"href":"https:\/\/asicmarketplace.com\/fr\/wp-json\/wp\/v2\/media\/17442"}],"wp:attachment":[{"href":"https:\/\/asicmarketplace.com\/fr\/wp-json\/wp\/v2\/media?parent=16034"}],"wp:term":[{"taxonomy":"product_brand","embeddable":true,"href":"https:\/\/asicmarketplace.com\/fr\/wp-json\/wp\/v2\/product_brand?post=16034"},{"taxonomy":"product_cat","embeddable":true,"href":"https:\/\/asicmarketplace.com\/fr\/wp-json\/wp\/v2\/product_cat?post=16034"},{"taxonomy":"product_tag","embeddable":true,"href":"https:\/\/asicmarketplace.com\/fr\/wp-json\/wp\/v2\/product_tag?post=16034"}],"curies":[{"name":"wp","href":"https:\/\/api.w.org\/{rel}","templated":true}]}}