{"id":16391,"date":"2023-02-02T15:04:50","date_gmt":"2023-02-02T09:34:50","guid":{"rendered":"https:\/\/asicmarketplace.com\/?post_type=product&#038;p=16391"},"modified":"2026-03-26T14:13:03","modified_gmt":"2026-03-26T08:43:03","slug":"bitmain-antminer-e9-pro-etc-miner-3-68gh","status":"publish","type":"product","link":"https:\/\/asicmarketplace.com\/fr\/product\/bitmain-antminer-e9-pro-etc-miner-3-68gh\/","title":{"rendered":"Bitmain Antminer E9 Pro ETC Miner (3.68Gh)"},"content":{"rendered":"<h3 style=\"text-align: center;\">APER\u00c7U<\/h3>\n<p style=\"text-align: center;\" class=\"translation-block\"><strong>Antminer E9 Pro<\/strong> (3.68Gh) of <strong>EtHash<\/strong> algorithm with hashing power of<strong> 3.68Gh\/s<\/strong> at <strong>2200W<\/strong> power consumption.<\/p>\n<h3 style=\"text-align: center;\">CARACT\u00c9RISTIQUES TECHNIQUES<\/h3>\n<table class=\"table table-striped\">\n<tbody>\n<tr>\n<th scope=\"row\">Fabricant<\/th>\n<td>Bitmain<\/td>\n<\/tr>\n<tr>\n<th scope=\"row\">Mod\u00e8le<\/th>\n<td>Antminer E9 Pro (3.68Gh)<\/td>\n<\/tr>\n<tr>\n<th scope=\"row\">Lib\u00e9ration<\/th>\n<td>February 2023<\/td>\n<\/tr>\n<tr>\n<th scope=\"row\">Taille sans<\/th>\n<td>550 x 195 x 310mm<\/td>\n<\/tr>\n<tr>\n<th scope=\"row\">Size with<\/th>\n<td>722 x 322 x 427mm<\/td>\n<\/tr>\n<tr>\n<th scope=\"row\">Poids Net<\/th>\n<td>20200g<\/td>\n<\/tr>\n<tr>\n<th scope=\"row\">Weight Gross<\/th>\n<td>22000g<\/td>\n<\/tr>\n<tr>\n<th scope=\"row\">Niveau sonore<\/th>\n<td>75 dB<\/td>\n<\/tr>\n<tr>\n<th scope=\"row\">Fan(s)<\/th>\n<td>4<\/td>\n<\/tr>\n<tr>\n<th scope=\"row\">Puissance<\/th>\n<td>2200W<\/td>\n<\/tr>\n<tr>\n<th scope=\"row\">Efficacit\u00e9 \u00e9nerg\u00e9tique<\/th>\n<td>0.6 \u00b1 10%<\/td>\n<\/tr>\n<tr>\n<th scope=\"row\">Ram<\/th>\n<td>7gb<\/td>\n<\/tr>\n<tr>\n<th scope=\"row\">Temp\u00e9rature de stockage.<\/th>\n<td>-20-70<\/td>\n<\/tr>\n<tr>\n<th scope=\"row\">Interface<\/th>\n<td>Ethernet<\/td>\n<\/tr>\n<tr>\n<th scope=\"row\">Temp\u00e9rature<\/th>\n<td>0 \u2013 40 \u00b0C<\/td>\n<\/tr>\n<tr>\n<th scope=\"row\">Humidit\u00e9<\/th>\n<td>10- 90 %<\/td>\n<\/tr>\n<tr>\n<th scope=\"row\">Garantie<\/th>\n<td>180 jours<\/td>\n<\/tr>\n<\/tbody>\n<\/table>","protected":false},"excerpt":{"rendered":"OVERVIEW Antminer E9 Pro (3.68Gh) of EtHash algorithm with hashing power of 3.68Gh\/s at 2200W power consumption. SPECIFICATIONS Manufacturer Bitmain Model Antminer E9 Pro (3.68Gh) Release February 2023 Size w\/o 550 x 195 x 310mm Size with 722 x 322 x 427mm Weight Net 20200g Weight Gross 22000g Noise level 75db Fan(s) 4 Power 2200W&#8230; <a class=\"view-article\" href=\"https:\/\/asicmarketplace.com\/fr\/product\/bitmain-antminer-e9-pro-etc-miner-3-68gh\/\">View Article<\/a>","protected":false},"featured_media":16394,"comment_status":"open","ping_status":"closed","template":"","meta":{"content-type":""},"product_brand":[505,508],"product_cat":[15],"product_tag":[],"class_list":{"0":"post-16391","1":"product","2":"type-product","3":"status-publish","4":"has-post-thumbnail","6":"product_brand-asic-miners","7":"product_brand-home-miners","8":"product_cat-bitmain","9":"collection-ethereum-classis-miners","11":"first","12":"instock","13":"featured","14":"shipping-taxable","15":"purchasable","16":"product-type-variable","17":"has-default-attributes"},"acf":[],"_links":{"self":[{"href":"https:\/\/asicmarketplace.com\/fr\/wp-json\/wp\/v2\/product\/16391","targetHints":{"allow":["GET"]}}],"collection":[{"href":"https:\/\/asicmarketplace.com\/fr\/wp-json\/wp\/v2\/product"}],"about":[{"href":"https:\/\/asicmarketplace.com\/fr\/wp-json\/wp\/v2\/types\/product"}],"replies":[{"embeddable":true,"href":"https:\/\/asicmarketplace.com\/fr\/wp-json\/wp\/v2\/comments?post=16391"}],"wp:featuredmedia":[{"embeddable":true,"href":"https:\/\/asicmarketplace.com\/fr\/wp-json\/wp\/v2\/media\/16394"}],"wp:attachment":[{"href":"https:\/\/asicmarketplace.com\/fr\/wp-json\/wp\/v2\/media?parent=16391"}],"wp:term":[{"taxonomy":"product_brand","embeddable":true,"href":"https:\/\/asicmarketplace.com\/fr\/wp-json\/wp\/v2\/product_brand?post=16391"},{"taxonomy":"product_cat","embeddable":true,"href":"https:\/\/asicmarketplace.com\/fr\/wp-json\/wp\/v2\/product_cat?post=16391"},{"taxonomy":"product_tag","embeddable":true,"href":"https:\/\/asicmarketplace.com\/fr\/wp-json\/wp\/v2\/product_tag?post=16391"}],"curies":[{"name":"wp","href":"https:\/\/api.w.org\/{rel}","templated":true}]}}