{"id":17325,"date":"2023-05-17T09:40:50","date_gmt":"2023-05-17T04:10:50","guid":{"rendered":"https:\/\/asicmarketplace.com\/?post_type=product&#038;p=17325"},"modified":"2026-03-14T15:14:21","modified_gmt":"2026-03-14T09:44:21","slug":"bitmain-antminer-ks3-kas-miner-8-3th","status":"publish","type":"product","link":"https:\/\/asicmarketplace.com\/fr\/product\/bitmain-antminer-ks3-kas-miner-8-3th\/","title":{"rendered":"Bitmain Antminer KS3 KAS Miner (9.4Th)"},"content":{"rendered":"<h3 style=\"text-align: center;\">APER\u00c7U<\/h3>\n<p style=\"text-align: center;\" class=\"translation-block\"><strong>Antminer KS3<\/strong> (9.4Th) of <strong><b>KHeavyHash<\/b><\/strong>&nbsp;algorithm with hashing power of<strong> 9.4Th\/s<\/strong> at <strong>3500W<\/strong> power consumption.<\/p>\n<h3 style=\"text-align: center;\">CARACT\u00c9RISTIQUES TECHNIQUES<\/h3>\n<table class=\"table table-striped\">\n<tbody>\n<tr>\n<th scope=\"row\">Fabricant<\/th>\n<td>Bitmain<\/td>\n<\/tr>\n<tr>\n<th scope=\"row\">Mod\u00e8le<\/th>\n<td>Antminer KS3 (9.4Th)<\/td>\n<\/tr>\n<tr>\n<th scope=\"row\">Lib\u00e9ration<\/th>\n<td>August 2023<\/td>\n<\/tr>\n<tr>\n<th scope=\"row\">Taille sans<\/th>\n<td>430 x 195 x 290mm<\/td>\n<\/tr>\n<tr>\n<th scope=\"row\">Size with<\/th>\n<td>570 x 316 x 430mm<\/td>\n<\/tr>\n<tr>\n<th scope=\"row\">Poids Net<\/th>\n<td>16100g<\/td>\n<\/tr>\n<tr>\n<th scope=\"row\">Weight Gross<\/th>\n<td>17700g<\/td>\n<\/tr>\n<tr>\n<th scope=\"row\">Niveau sonore<\/th>\n<td>75 dB<\/td>\n<\/tr>\n<tr>\n<th scope=\"row\">Fan(s)<\/th>\n<td>2<\/td>\n<\/tr>\n<tr>\n<th scope=\"row\">Puissance<\/th>\n<td>3500W<\/td>\n<\/tr>\n<tr>\n<th scope=\"row\">Efficacit\u00e9 \u00e9nerg\u00e9tique<\/th>\n<td>0.37 \u00b110%<\/td>\n<\/tr>\n<tr>\n<th scope=\"row\">Tension<\/th>\n<td>200 &#8211; 240<\/td>\n<\/tr>\n<tr>\n<th scope=\"row\">Temp\u00e9rature de stockage.<\/th>\n<td>-20-70<\/td>\n<\/tr>\n<tr>\n<th scope=\"row\">Interface<\/th>\n<td>RJ45 Ethernet 10\/100M<\/td>\n<\/tr>\n<tr>\n<th scope=\"row\">Temp\u00e9rature<\/th>\n<td>5 \u2013 40 \u00b0C<\/td>\n<\/tr>\n<tr>\n<th scope=\"row\">Humidit\u00e9<\/th>\n<td>10 \u2013 90 %<\/td>\n<\/tr>\n<tr>\n<th scope=\"row\">Garantie<\/th>\n<td>180 jours<\/td>\n<\/tr>\n<\/tbody>\n<\/table>","protected":false},"excerpt":{"rendered":"OVERVIEW Antminer KS3 (9.4Th) of KHeavyHash\u00a0algorithm with hashing power of 9.4Th\/s at 3500W power consumption. SPECIFICATIONS Manufacturer Bitmain Model Antminer KS3 (9.4Th) Release August 2023 Size w\/o 430 x 195 x 290mm Size with 570 x 316 x 430mm Weight Net 16100g Weight Gross 17700g Noise level 75db Fan(s) 2 Power 3500W Power Efficiency 0.37&#8230; <a class=\"view-article\" href=\"https:\/\/asicmarketplace.com\/fr\/product\/bitmain-antminer-ks3-kas-miner-8-3th\/\">View Article<\/a>","protected":false},"featured_media":17328,"comment_status":"open","ping_status":"closed","template":"","meta":{"content-type":""},"product_brand":[505],"product_cat":[15],"product_tag":[],"class_list":{"0":"post-17325","1":"product","2":"type-product","3":"status-publish","4":"has-post-thumbnail","6":"product_brand-asic-miners","7":"product_cat-bitmain","8":"collection-kaspa-miners","10":"first","11":"outofstock","12":"shipping-taxable","13":"purchasable","14":"product-type-variable","15":"has-default-attributes"},"acf":[],"_links":{"self":[{"href":"https:\/\/asicmarketplace.com\/fr\/wp-json\/wp\/v2\/product\/17325","targetHints":{"allow":["GET"]}}],"collection":[{"href":"https:\/\/asicmarketplace.com\/fr\/wp-json\/wp\/v2\/product"}],"about":[{"href":"https:\/\/asicmarketplace.com\/fr\/wp-json\/wp\/v2\/types\/product"}],"replies":[{"embeddable":true,"href":"https:\/\/asicmarketplace.com\/fr\/wp-json\/wp\/v2\/comments?post=17325"}],"wp:featuredmedia":[{"embeddable":true,"href":"https:\/\/asicmarketplace.com\/fr\/wp-json\/wp\/v2\/media\/17328"}],"wp:attachment":[{"href":"https:\/\/asicmarketplace.com\/fr\/wp-json\/wp\/v2\/media?parent=17325"}],"wp:term":[{"taxonomy":"product_brand","embeddable":true,"href":"https:\/\/asicmarketplace.com\/fr\/wp-json\/wp\/v2\/product_brand?post=17325"},{"taxonomy":"product_cat","embeddable":true,"href":"https:\/\/asicmarketplace.com\/fr\/wp-json\/wp\/v2\/product_cat?post=17325"},{"taxonomy":"product_tag","embeddable":true,"href":"https:\/\/asicmarketplace.com\/fr\/wp-json\/wp\/v2\/product_tag?post=17325"}],"curies":[{"name":"wp","href":"https:\/\/api.w.org\/{rel}","templated":true}]}}