{"id":18017,"date":"2023-07-31T15:18:14","date_gmt":"2023-07-31T09:48:14","guid":{"rendered":"https:\/\/asicmarketplace.com\/?post_type=product&#038;p=18017"},"modified":"2026-03-14T15:14:23","modified_gmt":"2026-03-14T09:44:23","slug":"bitmain-antminer-s19j-xp-151th","status":"publish","type":"product","link":"https:\/\/asicmarketplace.com\/fr\/product\/bitmain-antminer-s19j-xp-151th\/","title":{"rendered":"Bitmain Antminer S19j XP Bitcoin Miner"},"content":{"rendered":"<h3 style=\"text-align: center;\">APER\u00c7U<\/h3>\n<p style=\"text-align: center;\" class=\"translation-block\"><strong>Antminer S19j XP <\/strong>(151Th) of <strong>SHA-256<\/strong> algorithm with hashing power of<strong> 151Th\/s<\/strong> at <strong>3247W<\/strong> power consumption.<\/p>\n<h3 style=\"text-align: center;\">CARACT\u00c9RISTIQUES TECHNIQUES<\/h3>\n<table class=\"table table-striped\">\n<tbody>\n<tr>\n<th scope=\"row\">Fabricant<\/th>\n<td>Bitmain<\/td>\n<\/tr>\n<tr>\n<th scope=\"row\">Mod\u00e8le<\/th>\n<td>Antminer S19j XP (151Th\/s)<\/td>\n<\/tr>\n<tr>\n<th scope=\"row\">Lib\u00e9ration<\/th>\n<td>Q4 &#8211; 2023<\/td>\n<\/tr>\n<tr>\n<th scope=\"row\">Taille sans<\/th>\n<td>400 x 195 x 290mm<\/td>\n<\/tr>\n<tr>\n<th scope=\"row\">Size with<\/th>\n<td>570 x 316 x 430mm<\/td>\n<\/tr>\n<tr>\n<th scope=\"row\">Poids Net<\/th>\n<td>14900g<\/td>\n<\/tr>\n<tr>\n<th scope=\"row\">Weight Gross<\/th>\n<td>16500g<\/td>\n<\/tr>\n<tr>\n<th scope=\"row\">Fan(s)<\/th>\n<td>4<\/td>\n<\/tr>\n<tr>\n<th scope=\"row\">Tension<\/th>\n<td>220-277<\/td>\n<\/tr>\n<tr>\n<th scope=\"row\">Puissance<\/th>\n<td>3247W<\/td>\n<\/tr>\n<tr>\n<th scope=\"row\">Efficacit\u00e9 \u00e9nerg\u00e9tique<\/th>\n<td>21.5 \u00b15%<\/td>\n<\/tr>\n<tr>\n<th scope=\"row\">Temp\u00e9rature de stockage.<\/th>\n<td>-20-70<\/td>\n<\/tr>\n<tr>\n<th scope=\"row\">Niveau sonore<\/th>\n<td>75 dB<\/td>\n<\/tr>\n<tr>\n<th scope=\"row\">Interface<\/th>\n<td>Ethernet<\/td>\n<\/tr>\n<tr>\n<th scope=\"row\">Temp\u00e9rature<\/th>\n<td>0 \u2013 40 \u00b0C<\/td>\n<\/tr>\n<tr>\n<th scope=\"row\">Humidit\u00e9<\/th>\n<td>10 \u2013 90 %<\/td>\n<\/tr>\n<tr>\n<th scope=\"row\">Garantie<\/th>\n<td>365 jours<\/td>\n<\/tr>\n<\/tbody>\n<\/table>","protected":false},"excerpt":{"rendered":"OVERVIEW Antminer S19j XP (151Th) of SHA-256 algorithm with hashing power of 151Th\/s at 3247W power consumption. SPECIFICATIONS Manufacturer Bitmain Model Antminer S19j XP (151Th\/s) Release Q4 &#8211; 2023 Size w\/o 400 x 195 x 290mm Size with 570 x 316 x 430mm Weight Net 14900g Weight Gross 16500g Fan(s) 4 Voltage 220-277 Power 3247W&#8230; <a class=\"view-article\" href=\"https:\/\/asicmarketplace.com\/fr\/product\/bitmain-antminer-s19j-xp-151th\/\">View Article<\/a>","protected":false},"featured_media":18019,"comment_status":"open","ping_status":"closed","template":"","meta":{"content-type":""},"product_brand":[505],"product_cat":[15],"product_tag":[],"class_list":{"0":"post-18017","1":"product","2":"type-product","3":"status-publish","4":"has-post-thumbnail","6":"product_brand-asic-miners","7":"product_cat-bitmain","8":"collection-bitcoin-miners","10":"first","11":"outofstock","12":"featured","13":"shipping-taxable","14":"purchasable","15":"product-type-variable","16":"has-default-attributes"},"acf":[],"_links":{"self":[{"href":"https:\/\/asicmarketplace.com\/fr\/wp-json\/wp\/v2\/product\/18017","targetHints":{"allow":["GET"]}}],"collection":[{"href":"https:\/\/asicmarketplace.com\/fr\/wp-json\/wp\/v2\/product"}],"about":[{"href":"https:\/\/asicmarketplace.com\/fr\/wp-json\/wp\/v2\/types\/product"}],"replies":[{"embeddable":true,"href":"https:\/\/asicmarketplace.com\/fr\/wp-json\/wp\/v2\/comments?post=18017"}],"wp:featuredmedia":[{"embeddable":true,"href":"https:\/\/asicmarketplace.com\/fr\/wp-json\/wp\/v2\/media\/18019"}],"wp:attachment":[{"href":"https:\/\/asicmarketplace.com\/fr\/wp-json\/wp\/v2\/media?parent=18017"}],"wp:term":[{"taxonomy":"product_brand","embeddable":true,"href":"https:\/\/asicmarketplace.com\/fr\/wp-json\/wp\/v2\/product_brand?post=18017"},{"taxonomy":"product_cat","embeddable":true,"href":"https:\/\/asicmarketplace.com\/fr\/wp-json\/wp\/v2\/product_cat?post=18017"},{"taxonomy":"product_tag","embeddable":true,"href":"https:\/\/asicmarketplace.com\/fr\/wp-json\/wp\/v2\/product_tag?post=18017"}],"curies":[{"name":"wp","href":"https:\/\/api.w.org\/{rel}","templated":true}]}}