{"id":30460,"date":"2025-03-27T16:12:42","date_gmt":"2025-03-27T10:42:42","guid":{"rendered":"https:\/\/asicmarketplace.com\/?post_type=product&#038;p=30460"},"modified":"2026-04-27T09:13:15","modified_gmt":"2026-04-27T03:43:15","slug":"adaptateur-canaan-avalon-pour-nano-ue","status":"publish","type":"product","link":"https:\/\/asicmarketplace.com\/fr\/product\/canaan-avalon-adaptor-for-nano-eu\/","title":{"rendered":"Adaptateur Canaan Avalon pour Nano (UE)"},"content":{"rendered":"<p>Le <strong>Nano PSU<\/strong> avec une prise standard de l'Union europ\u00e9enne (UE) fournit une alimentation fiable pour des performances de minage optimales. Con\u00e7u pour l'efficacit\u00e9 et la stabilit\u00e9, il assure une sortie d'\u00e9nergie constante pour que vos plates-formes de minage fonctionnent sans \u00e0-coups.<\/p>","protected":false},"excerpt":{"rendered":"<table class=\"title-box\" data-v-42215f76=\"\">\r\n<tbody>\r\n<tr data-v-42215f76=\"\">\r\n<td data-v-42215f76=\"\"><span data-v-42215f76=\"\">Fonction : Adaptateur de remplacement pour Nano (UE)<\/span><\/td>\r\n<\/tr>\r\n<\/tbody>\r\n<\/table>\r\n&nbsp;","protected":false},"featured_media":30462,"comment_status":"open","ping_status":"closed","template":"","meta":{"content-type":""},"product_brand":[506],"product_cat":[498],"product_tag":[],"class_list":{"0":"post-30460","1":"product","2":"type-product","3":"status-publish","4":"has-post-thumbnail","6":"product_brand-accessories","7":"product_cat-power-supply","9":"first","10":"outofstock","11":"shipping-taxable","12":"purchasable","13":"product-type-variable","14":"has-default-attributes"},"acf":[],"_links":{"self":[{"href":"https:\/\/asicmarketplace.com\/fr\/wp-json\/wp\/v2\/product\/30460","targetHints":{"allow":["GET"]}}],"collection":[{"href":"https:\/\/asicmarketplace.com\/fr\/wp-json\/wp\/v2\/product"}],"about":[{"href":"https:\/\/asicmarketplace.com\/fr\/wp-json\/wp\/v2\/types\/product"}],"replies":[{"embeddable":true,"href":"https:\/\/asicmarketplace.com\/fr\/wp-json\/wp\/v2\/comments?post=30460"}],"wp:featuredmedia":[{"embeddable":true,"href":"https:\/\/asicmarketplace.com\/fr\/wp-json\/wp\/v2\/media\/30462"}],"wp:attachment":[{"href":"https:\/\/asicmarketplace.com\/fr\/wp-json\/wp\/v2\/media?parent=30460"}],"wp:term":[{"taxonomy":"product_brand","embeddable":true,"href":"https:\/\/asicmarketplace.com\/fr\/wp-json\/wp\/v2\/product_brand?post=30460"},{"taxonomy":"product_cat","embeddable":true,"href":"https:\/\/asicmarketplace.com\/fr\/wp-json\/wp\/v2\/product_cat?post=30460"},{"taxonomy":"product_tag","embeddable":true,"href":"https:\/\/asicmarketplace.com\/fr\/wp-json\/wp\/v2\/product_tag?post=30460"}],"curies":[{"name":"wp","href":"https:\/\/api.w.org\/{rel}","templated":true}]}}