{"id":30540,"date":"2025-04-01T14:31:27","date_gmt":"2025-04-01T09:01:27","guid":{"rendered":"https:\/\/asicmarketplace.com\/?post_type=product&#038;p=30540"},"modified":"2026-04-26T09:13:03","modified_gmt":"2026-04-26T03:43:03","slug":"fog-hashing-immersion-cooling-c6","status":"publish","type":"product","link":"https:\/\/asicmarketplace.com\/fr\/product\/fog-hashing-immersion-cooling-c6\/","title":{"rendered":"Brouillard de hachage Immersion Cooling C6"},"content":{"rendered":"<p><strong>Brouillard de hachage Immersion Cooling C6<\/strong>\u00a0est con\u00e7u pour le minage \u00e0 domicile, offrant une installation facile en plug-and-play, un bruit ultra-faible, une efficacit\u00e9 sup\u00e9rieure et un support d'overclocking pour des performances et une stabilit\u00e9 am\u00e9lior\u00e9es.<\/p>\n<h4>Sp\u00e9cifications<\/h4>\n<table class=\"table table-striped\">\n<tbody>\n<tr>\n<th scope=\"row\">Fabricant<\/th>\n<td>Brouillard de Hachage<\/td>\n<\/tr>\n<tr>\n<th scope=\"row\">Mod\u00e8le<\/th>\n<td>C6 Tank<\/td>\n<\/tr>\n<tr>\n<th scope=\"row\">Outer Size<\/th>\n<td>1185 x 530 x 760mm<\/td>\n<\/tr>\n<tr>\n<th scope=\"row\">Inner Size<\/th>\n<td>912 x 404 x 355mm<\/td>\n<\/tr>\n<tr>\n<th scope=\"row\">Net Weight<\/th>\n<td>110kg<\/td>\n<\/tr>\n<tr>\n<th scope=\"row\">Volume de liquide de refroidissement<\/th>\n<td>200L<\/td>\n<\/tr>\n<tr>\n<th scope=\"row\">Tension d'entr\u00e9e<\/th>\n<td>Single-phase 200-240V 50\/60Hz<\/td>\n<\/tr>\n<tr>\n<th scope=\"row\">Puissance<\/th>\n<td>850W<\/td>\n<\/tr>\n<tr>\n<th scope=\"row\">Display<\/th>\n<td>1.32\u201d OLED Screen<\/td>\n<\/tr>\n<tr>\n<th scope=\"row\">Bruit<\/th>\n<td>45\u00a0dB<\/td>\n<\/tr>\n<tr>\n<th scope=\"row\">Flow<\/th>\n<td>90L\/Min<\/td>\n<\/tr>\n<tr>\n<th scope=\"row\">Quantit\u00e9 de mineur(s)<\/th>\n<td>6* S21\/ KS5M\/ DG1\/ L9<\/td>\n<\/tr>\n<tr>\n<th scope=\"row\">PDU<\/th>\n<td>Single-phase: 220V 125A 6C19<br \/>\nThree-phase: 380V 63A 6C19<\/td>\n<\/tr>\n<tr>\n<th scope=\"row\">Temp\u00e9rature ambiante<\/th>\n<td>-25~55\u00b0C<\/td>\n<\/tr>\n<tr>\n<th scope=\"row\"><\/th>\n<td><\/td>\n<\/tr>\n<tr>\n<th scope=\"row\">C6 Dry Cooler (EC Fan)<\/th>\n<td><\/td>\n<\/tr>\n<tr>\n<th scope=\"row\">Outer Size<\/th>\n<td>1680 x 400 x 1015mm<\/td>\n<\/tr>\n<tr>\n<th scope=\"row\">Puissance<\/th>\n<td>10-1400W<\/td>\n<\/tr>\n<tr>\n<th scope=\"row\">Tension d'entr\u00e9e<\/th>\n<td>Single-phase 200-240V 50\/60Hz<\/td>\n<\/tr>\n<tr>\n<th scope=\"row\">Net Weight<\/th>\n<td>110Kg<\/td>\n<\/tr>\n<tr>\n<th scope=\"row\">Intelligent Speed Tuning<\/th>\n<td>Automatically adjust the speed according to the temperature<\/td>\n<\/tr>\n<tr>\n<th scope=\"row\">Capacit\u00e9 de refroidissement<\/th>\n<td>24kW@35\u00b0C<\/td>\n<\/tr>\n<tr>\n<th scope=\"row\">Bruit<\/th>\n<td>68dB(A) 10m<\/td>\n<\/tr>\n<tr>\n<th scope=\"row\">EC Fan<\/th>\n<td>2 pcs<\/td>\n<\/tr>\n<\/tbody>\n<\/table>\n<p>&nbsp;<\/p>","protected":false},"excerpt":{"rendered":"<table class=\"title-box\" data-v-42215f76=\"\">\r\n<tbody>\r\n<tr data-v-42215f76=\"\">\r\n<td data-v-42215f76=\"\"><span data-v-42215f76=\"\"><strong>Remarque\u00a0:<\/strong> L'exp\u00e9dition varie selon la localisation. Contactez-nous par chat pour conna\u00eetre le meilleur tarif.<\/span><\/td>\r\n<\/tr>\r\n<\/tbody>\r\n<\/table>","protected":false},"featured_media":30544,"comment_status":"open","ping_status":"closed","template":"","meta":{"content-type":""},"product_brand":[506],"product_cat":[509,538],"product_tag":[],"class_list":{"0":"post-30540","1":"product","2":"type-product","3":"status-publish","4":"has-post-thumbnail","6":"product_brand-accessories","7":"product_cat-fog-hashing","8":"product_cat-immersion-cooling","10":"first","11":"instock","12":"shipping-taxable","13":"purchasable","14":"product-type-variable","15":"has-default-attributes"},"acf":[],"_links":{"self":[{"href":"https:\/\/asicmarketplace.com\/fr\/wp-json\/wp\/v2\/product\/30540","targetHints":{"allow":["GET"]}}],"collection":[{"href":"https:\/\/asicmarketplace.com\/fr\/wp-json\/wp\/v2\/product"}],"about":[{"href":"https:\/\/asicmarketplace.com\/fr\/wp-json\/wp\/v2\/types\/product"}],"replies":[{"embeddable":true,"href":"https:\/\/asicmarketplace.com\/fr\/wp-json\/wp\/v2\/comments?post=30540"}],"wp:featuredmedia":[{"embeddable":true,"href":"https:\/\/asicmarketplace.com\/fr\/wp-json\/wp\/v2\/media\/30544"}],"wp:attachment":[{"href":"https:\/\/asicmarketplace.com\/fr\/wp-json\/wp\/v2\/media?parent=30540"}],"wp:term":[{"taxonomy":"product_brand","embeddable":true,"href":"https:\/\/asicmarketplace.com\/fr\/wp-json\/wp\/v2\/product_brand?post=30540"},{"taxonomy":"product_cat","embeddable":true,"href":"https:\/\/asicmarketplace.com\/fr\/wp-json\/wp\/v2\/product_cat?post=30540"},{"taxonomy":"product_tag","embeddable":true,"href":"https:\/\/asicmarketplace.com\/fr\/wp-json\/wp\/v2\/product_tag?post=30540"}],"curies":[{"name":"wp","href":"https:\/\/api.w.org\/{rel}","templated":true}]}}