{"id":31506,"date":"2025-05-12T12:10:51","date_gmt":"2025-05-12T06:40:51","guid":{"rendered":"https:\/\/asicmarketplace.com\/?post_type=product&#038;p=31506"},"modified":"2026-04-30T09:13:06","modified_gmt":"2026-04-30T03:43:06","slug":"tableau-de-commande-elphapex-unite-dg1-plus","status":"publish","type":"product","link":"https:\/\/asicmarketplace.com\/fr\/product\/elphapex-control-board-unit-dg1-plus\/","title":{"rendered":"Tableau de commande ElphaPex (DG1, DG1+)"},"content":{"rendered":"<p><strong>ElphaPex<\/strong> <strong>Carte de commande <\/strong>(DG1 , DG1+) configur\u00e9 pour le refroidissement des mineurs, cette carte de contr\u00f4le haute performance assure un fonctionnement sans faille, une efficacit\u00e9 maximale et prend en charge un refroidissement optimal. nous vendons des pi\u00e8ces de rechange de haute qualit\u00e9 pour les cartes de contr\u00f4le dans le monde entier \u00e0 des prix abordables. R\u00e9solvant les probl\u00e8mes tels que l'impossibilit\u00e9 de d\u00e9tecter l'adresse IP, d'acc\u00e9der au tableau de bord ou de reconna\u00eetre les cartes de hachage, permettant aux mineurs de reprendre leurs op\u00e9rations normales.<\/p>","protected":false},"excerpt":{"rendered":"<table class=\"title-box\" data-v-42215f76=\"\">\r\n<tbody>\r\n<tr data-v-42215f76=\"\">\r\n<td data-v-42215f76=\"\"><span data-v-42215f76=\"\">Fonction : Carte de remplacement pour ElphaPex DG1 , ElphaPex DG1+<\/span><\/td>\r\n<\/tr>\r\n<\/tbody>\r\n<\/table>\r\n&nbsp;","protected":false},"featured_media":31508,"comment_status":"open","ping_status":"closed","template":"","meta":{"content-type":""},"product_brand":[506],"product_cat":[503],"product_tag":[],"class_list":{"0":"post-31506","1":"product","2":"type-product","3":"status-publish","4":"has-post-thumbnail","6":"product_brand-accessories","7":"product_cat-control-board","9":"first","10":"instock","11":"shipping-taxable","12":"purchasable","13":"product-type-variable","14":"has-default-attributes"},"acf":[],"_links":{"self":[{"href":"https:\/\/asicmarketplace.com\/fr\/wp-json\/wp\/v2\/product\/31506","targetHints":{"allow":["GET"]}}],"collection":[{"href":"https:\/\/asicmarketplace.com\/fr\/wp-json\/wp\/v2\/product"}],"about":[{"href":"https:\/\/asicmarketplace.com\/fr\/wp-json\/wp\/v2\/types\/product"}],"replies":[{"embeddable":true,"href":"https:\/\/asicmarketplace.com\/fr\/wp-json\/wp\/v2\/comments?post=31506"}],"wp:featuredmedia":[{"embeddable":true,"href":"https:\/\/asicmarketplace.com\/fr\/wp-json\/wp\/v2\/media\/31508"}],"wp:attachment":[{"href":"https:\/\/asicmarketplace.com\/fr\/wp-json\/wp\/v2\/media?parent=31506"}],"wp:term":[{"taxonomy":"product_brand","embeddable":true,"href":"https:\/\/asicmarketplace.com\/fr\/wp-json\/wp\/v2\/product_brand?post=31506"},{"taxonomy":"product_cat","embeddable":true,"href":"https:\/\/asicmarketplace.com\/fr\/wp-json\/wp\/v2\/product_cat?post=31506"},{"taxonomy":"product_tag","embeddable":true,"href":"https:\/\/asicmarketplace.com\/fr\/wp-json\/wp\/v2\/product_tag?post=31506"}],"curies":[{"name":"wp","href":"https:\/\/api.w.org\/{rel}","templated":true}]}}