{"id":31896,"date":"2025-05-31T11:37:21","date_gmt":"2025-05-31T06:07:21","guid":{"rendered":"https:\/\/asicmarketplace.com\/?post_type=product&#038;p=31896"},"modified":"2026-03-26T13:10:36","modified_gmt":"2026-03-26T07:40:36","slug":"bitmain-antminer-amp-h9-hydro-cooling-support","status":"publish","type":"product","link":"https:\/\/asicmarketplace.com\/fr\/product\/bitmain-antminer-amp-h9-hydro-cooling-support\/","title":{"rendered":"Bitmain Antminer AMP-H9 Hydro Cooling Support (9 Asic Miners)"},"content":{"rendered":"<p>Le <strong>AMP-H9 Hydro Cooling suite<\/strong> efficiently cools up to <strong>9\u00a0Antminer hydro miners<\/strong> with advanced water circulation ideal for compact home mining operations.<span class=\"c-message__edited_label\" dir=\"ltr\" data-sk=\"tooltip_parent\">\u00a0<\/span><\/p>\n<h4>Sp\u00e9cifications<\/h4>\n<table class=\"table table-striped\">\n<tbody>\n<tr>\n<th scope=\"row\"><strong>AMP &#8211; H9 Tank<\/strong><\/th>\n<td><\/td>\n<\/tr>\n<tr>\n<th scope=\"row\">Mod\u00e8le<\/th>\n<td>AMP-H9 Hydro Cooling Suit<\/td>\n<\/tr>\n<tr>\n<th scope=\"row\">Miners capacity<\/th>\n<td>9* (s19 \/ s21 hyd.)<\/td>\n<\/tr>\n<tr>\n<th scope=\"row\">Maximum load,\u00a0<strong>kW<\/strong><\/th>\n<td>50kW<\/td>\n<\/tr>\n<tr>\n<th scope=\"row\">Mode de circulation<\/th>\n<td>Single Mode \/ Dual Mode<\/td>\n<\/tr>\n<tr>\n<th scope=\"row\">Dimensions<\/th>\n<td>80 x 79 x 160mm<\/td>\n<\/tr>\n<tr>\n<th scope=\"row\">Overall Weight<\/th>\n<td>155kg<\/td>\n<\/tr>\n<tr>\n<th scope=\"row\">Refroidissement<\/th>\n<td>Pure Water \/ Soft water + Antifreeze + Corrosion Inhibitor<\/td>\n<\/tr>\n<tr>\n<th scope=\"row\">Max Inlet\/Outlet Temp.<\/th>\n<td>40 \/ 50 \u00b0C<\/td>\n<\/tr>\n<tr>\n<th scope=\"row\">External Cooling<\/th>\n<td>A\u00e9ror\u00e9frig\u00e9rant<\/td>\n<\/tr>\n<tr>\n<th scope=\"row\">Fluid Flow Rate<\/th>\n<td>4m\u00b3\/h<\/td>\n<\/tr>\n<tr>\n<th scope=\"row\">Tension d'entr\u00e9e<\/th>\n<td>3 Phase 380-480V 50\/60Hz<\/td>\n<\/tr>\n<tr>\n<th scope=\"row\">Output Voltage<\/th>\n<td>3 Phase 380-480V 50\/60Hz<\/td>\n<\/tr>\n<tr>\n<th scope=\"row\">Ambient Temp<\/th>\n<td>-25\u00b0C ~ 45\u00b0C<\/td>\n<\/tr>\n<tr>\n<th scope=\"row\">Design Pressure<\/th>\n<td>0.3 MPa<\/td>\n<\/tr>\n<tr>\n<th scope=\"row\">Extras<\/th>\n<td>High-Quality Water Pump \/ All Stainless Steel \/ EPDM Hose \/ Quick Connector<\/td>\n<\/tr>\n<tr>\n<th scope=\"row\"><\/th>\n<td><\/td>\n<\/tr>\n<tr>\n<th scope=\"row\"><strong>AMP-H9 Dry Cooler<\/strong><\/th>\n<td><\/td>\n<\/tr>\n<tr>\n<th scope=\"row\">Dimensions<\/th>\n<td>110 x 110 x 140mm<\/td>\n<\/tr>\n<tr>\n<th scope=\"row\">Poids<\/th>\n<td>170kg<\/td>\n<\/tr>\n<tr>\n<th scope=\"row\">Mode de circulation<\/th>\n<td>Single Mode \/ Dual Mode<\/td>\n<\/tr>\n<tr>\n<th scope=\"row\">Temp\u00e9rature max entr\u00e9e\/sortie<\/th>\n<td>40 \/ 50 \u00b0C<\/td>\n<\/tr>\n<tr>\n<th scope=\"row\">Fluid Flow Rate<\/th>\n<td>20 m\u00b3\/h<\/td>\n<\/tr>\n<tr>\n<th scope=\"row\">Ambient Temp<\/th>\n<td>-25\u00b0C ~ 45\u00b0C<\/td>\n<\/tr>\n<tr>\n<th scope=\"row\">Design Pressure<\/th>\n<td>0.3 MPa<\/td>\n<\/tr>\n<\/tbody>\n<\/table>\n<p>&nbsp;<\/p>","protected":false},"excerpt":{"rendered":"<table class=\"title-box\" data-v-42215f76=\"\">\r\n<tbody>\r\n<tr data-v-42215f76=\"\">\r\n<td data-v-42215f76=\"\"><span data-v-42215f76=\"\"><strong>Remarque\u00a0:<\/strong> L'exp\u00e9dition varie selon la localisation. Contactez-nous par chat pour conna\u00eetre le meilleur tarif.<\/span><\/td>\r\n<\/tr>\r\n<\/tbody>\r\n<\/table>","protected":false},"featured_media":31900,"comment_status":"open","ping_status":"closed","template":"","meta":{"content-type":""},"product_brand":[506],"product_cat":[511],"product_tag":[],"class_list":{"0":"post-31896","1":"product","2":"type-product","3":"status-publish","4":"has-post-thumbnail","6":"product_brand-accessories","7":"product_cat-hydro-cooling","9":"first","10":"instock","11":"shipping-taxable","12":"purchasable","13":"product-type-variable","14":"has-default-attributes"},"acf":[],"_links":{"self":[{"href":"https:\/\/asicmarketplace.com\/fr\/wp-json\/wp\/v2\/product\/31896","targetHints":{"allow":["GET"]}}],"collection":[{"href":"https:\/\/asicmarketplace.com\/fr\/wp-json\/wp\/v2\/product"}],"about":[{"href":"https:\/\/asicmarketplace.com\/fr\/wp-json\/wp\/v2\/types\/product"}],"replies":[{"embeddable":true,"href":"https:\/\/asicmarketplace.com\/fr\/wp-json\/wp\/v2\/comments?post=31896"}],"wp:featuredmedia":[{"embeddable":true,"href":"https:\/\/asicmarketplace.com\/fr\/wp-json\/wp\/v2\/media\/31900"}],"wp:attachment":[{"href":"https:\/\/asicmarketplace.com\/fr\/wp-json\/wp\/v2\/media?parent=31896"}],"wp:term":[{"taxonomy":"product_brand","embeddable":true,"href":"https:\/\/asicmarketplace.com\/fr\/wp-json\/wp\/v2\/product_brand?post=31896"},{"taxonomy":"product_cat","embeddable":true,"href":"https:\/\/asicmarketplace.com\/fr\/wp-json\/wp\/v2\/product_cat?post=31896"},{"taxonomy":"product_tag","embeddable":true,"href":"https:\/\/asicmarketplace.com\/fr\/wp-json\/wp\/v2\/product_tag?post=31896"}],"curies":[{"name":"wp","href":"https:\/\/api.w.org\/{rel}","templated":true}]}}