{"id":31939,"date":"2025-06-02T11:38:50","date_gmt":"2025-06-02T06:08:50","guid":{"rendered":"https:\/\/asicmarketplace.com\/?post_type=product&#038;p=31939"},"modified":"2026-02-12T09:40:03","modified_gmt":"2026-02-12T04:10:03","slug":"refroidissement-par-immersion-costume-b100-hachage-de-brouillard","status":"publish","type":"product","link":"https:\/\/asicmarketplace.com\/fr\/product\/fog-hashing-immersion-cooling-suit-b100\/","title":{"rendered":"Brouillard Hachage Immersion Cooling Costume B100"},"content":{"rendered":"<p><strong>Brouillard Hachage Immersion Cooling Costume B100<\/strong>\u00a0est con\u00e7u pour le minage \u00e0 domicile, offrant une installation facile en plug-and-play, un bruit ultra-faible, une efficacit\u00e9 sup\u00e9rieure et un support d'overclocking pour des performances et une stabilit\u00e9 am\u00e9lior\u00e9es.<\/p>\n<h4>Sp\u00e9cifications<\/h4>\n<table class=\"table table-striped\">\n<tbody>\n<tr>\n<th scope=\"row\">Fabricant<\/th>\n<td>Brouillard de Hachage<\/td>\n<\/tr>\n<tr>\n<th scope=\"row\">Mod\u00e8le<\/th>\n<td>B100<\/td>\n<\/tr>\n<tr>\n<th scope=\"row\">Dimensions<\/th>\n<td>2010 x 746 x 1190mm<\/td>\n<\/tr>\n<tr>\n<th scope=\"row\">Quantit\u00e9 de mineur(s)<\/th>\n<td>20*S21 | 18*T21\/M66S | 16*S21 Imm.\/S21 XP<\/td>\n<\/tr>\n<tr>\n<th scope=\"row\">Capacit\u00e9 de refroidissement<\/th>\n<td>100 kW<\/td>\n<\/tr>\n<tr>\n<th scope=\"row\">Mode de circulation<\/th>\n<td>Boucle simple \/ Double boucle<\/td>\n<\/tr>\n<tr>\n<th scope=\"row\">Volume de liquide de refroidissement<\/th>\n<td>600L<\/td>\n<\/tr>\n<tr>\n<th scope=\"row\">Type de refroidissement<\/th>\n<td>A\u00e9ror\u00e9frig\u00e9rant<\/td>\n<\/tr>\n<tr>\n<th scope=\"row\">Tension d'entr\u00e9e<\/th>\n<td>Triphas\u00e9 350-480V 50\/60Hz<\/td>\n<\/tr>\n<tr>\n<th scope=\"row\">Charge Maximale<\/th>\n<td>110 kW<\/td>\n<\/tr>\n<tr>\n<th scope=\"row\">Consommation \u00e9lectrique non mini\u00e8re<\/th>\n<td>5,6-9,5 kW<\/td>\n<\/tr>\n<tr>\n<th scope=\"row\">Temp\u00e9rature max entr\u00e9e\/sortie<\/th>\n<td>48\u00b0C\/56\u00b0C<\/td>\n<\/tr>\n<tr>\n<th scope=\"row\">Temp\u00e9rature ambiante<\/th>\n<td>-25\u00b0C \u00e0 55\u00b0C<\/td>\n<\/tr>\n<tr>\n<th scope=\"row\">Diam\u00e8tre du tuyau<\/th>\n<td>DN50<\/td>\n<\/tr>\n<tr>\n<th scope=\"row\">Surveillance<\/th>\n<td>1. Mini-LED de niveau de r\u00e9servoir, portail Web pour le contr\u00f4le \u00e0 distance<br \/>\n2. Protocole SNMP standard, int\u00e9gration par e-mail<\/td>\n<\/tr>\n<\/tbody>\n<\/table>\n<p>&nbsp;<\/p>","protected":false},"excerpt":{"rendered":"<table class=\"title-box\" data-v-42215f76=\"\">\r\n<tbody>\r\n<tr data-v-42215f76=\"\">\r\n<td data-v-42215f76=\"\"><span data-v-42215f76=\"\"><strong>Remarque\u00a0:<\/strong> L'exp\u00e9dition varie selon la localisation. Contactez-nous par chat pour conna\u00eetre le meilleur tarif.<\/span><\/td>\r\n<\/tr>\r\n<\/tbody>\r\n<\/table>","protected":false},"featured_media":31942,"comment_status":"open","ping_status":"closed","template":"","meta":{"content-type":""},"product_brand":[506],"product_cat":[509,538],"product_tag":[],"class_list":{"0":"post-31939","1":"product","2":"type-product","3":"status-publish","4":"has-post-thumbnail","6":"product_brand-accessories","7":"product_cat-fog-hashing","8":"product_cat-immersion-cooling","10":"first","11":"instock","12":"shipping-taxable","13":"purchasable","14":"product-type-variable","15":"has-default-attributes"},"acf":[],"_links":{"self":[{"href":"https:\/\/asicmarketplace.com\/fr\/wp-json\/wp\/v2\/product\/31939","targetHints":{"allow":["GET"]}}],"collection":[{"href":"https:\/\/asicmarketplace.com\/fr\/wp-json\/wp\/v2\/product"}],"about":[{"href":"https:\/\/asicmarketplace.com\/fr\/wp-json\/wp\/v2\/types\/product"}],"replies":[{"embeddable":true,"href":"https:\/\/asicmarketplace.com\/fr\/wp-json\/wp\/v2\/comments?post=31939"}],"wp:featuredmedia":[{"embeddable":true,"href":"https:\/\/asicmarketplace.com\/fr\/wp-json\/wp\/v2\/media\/31942"}],"wp:attachment":[{"href":"https:\/\/asicmarketplace.com\/fr\/wp-json\/wp\/v2\/media?parent=31939"}],"wp:term":[{"taxonomy":"product_brand","embeddable":true,"href":"https:\/\/asicmarketplace.com\/fr\/wp-json\/wp\/v2\/product_brand?post=31939"},{"taxonomy":"product_cat","embeddable":true,"href":"https:\/\/asicmarketplace.com\/fr\/wp-json\/wp\/v2\/product_cat?post=31939"},{"taxonomy":"product_tag","embeddable":true,"href":"https:\/\/asicmarketplace.com\/fr\/wp-json\/wp\/v2\/product_tag?post=31939"}],"curies":[{"name":"wp","href":"https:\/\/api.w.org\/{rel}","templated":true}]}}