{"id":34421,"date":"2025-09-12T20:59:55","date_gmt":"2025-09-12T15:29:55","guid":{"rendered":"https:\/\/asicmarketplace.com\/?post_type=product&#038;p=34421"},"modified":"2026-04-24T12:07:11","modified_gmt":"2026-04-24T06:37:11","slug":"bitmain-antminer-l11-hydro-2u-dogecoin-mineur","status":"publish","type":"product","link":"https:\/\/asicmarketplace.com\/fr\/product\/bitmain-antminer-l11-hydro-2u-dogecoin-miner\/","title":{"rendered":"Bitmain Antminer L11 Hydro 2U Dogecoin Miner"},"content":{"rendered":"<h3 style=\"text-align: center;\">APER\u00c7U<\/h3>\n<p style=\"text-align: center;\" class=\"translation-block\"><strong>Antminer L11 Hydro 2U<\/strong> (35 Gh\/s) utilisant l&#x27;algorithme <strong>Scrypt,<\/strong> avec une puissance de hachage de<strong> 35 Gh\/s<\/strong> et une consommation \u00e9lectrique <strong>de<\/strong> <strong>5 775 W<\/strong>.<\/p>\n<h3 style=\"text-align: center;\">CARACT\u00c9RISTIQUES TECHNIQUES<\/h3>\n<table class=\"table table-striped\">\n<tbody>\n<tr>\n<th scope=\"row\">Fabricant<\/th>\n<td>Bitmain<\/td>\n<\/tr>\n<tr>\n<th scope=\"row\">Mod\u00e8le<\/th>\n<td>Antminer L11 Hydro 2U (35Gh)<\/td>\n<\/tr>\n<tr>\n<th scope=\"row\">Taille sans<\/th>\n<td>509 x 481 x 87mm<\/td>\n<\/tr>\n<tr>\n<th scope=\"row\">Taille avec<\/th>\n<td>710 x 640 x 220 mm<\/td>\n<\/tr>\n<tr>\n<th scope=\"row\">Poids Net<\/th>\n<td>19,1 kg<\/td>\n<\/tr>\n<tr>\n<th scope=\"row\">Tension<\/th>\n<td>380 -415v<\/td>\n<\/tr>\n<tr>\n<th scope=\"row\">Puissance<\/th>\n<td>5775W<\/td>\n<\/tr>\n<tr>\n<th scope=\"row\">Mode de connexion r\u00e9seau<\/th>\n<td>Ethernet RJ45 10\/100M<\/td>\n<\/tr>\n<tr>\n<th scope=\"row\">Liquide de refroidissement\u00a0<sup>(2-2)<\/sup><\/th>\n<td>Antigel \/ Eau pure \/ Eau d\u00e9min\u00e9ralis\u00e9e<\/td>\n<\/tr>\n<tr>\n<th scope=\"row\">Valeur du pH du liquide de refroidissement<\/th>\n<td>Antigel : 7,0~9,0<br \/>\nEau pure : 6,5~7,5<br \/>\nEau d\u00e9min\u00e9ralis\u00e9e : 8,5 ~ 9,5<\/td>\n<\/tr>\n<tr>\n<th scope=\"row\">Pression du liquide de refroidissement,\u00a0<strong>bar<\/strong><\/th>\n<td>\u2264 3,5<\/td>\n<\/tr>\n<tr>\n<th scope=\"row\">Diam\u00e8tre du raccord de tuyau de liquide de refroidissement,\u00a0<strong>mm<\/strong><\/th>\n<td>OD14<\/td>\n<\/tr>\n<tr>\n<th scope=\"row\">Interface<\/th>\n<td>Ethernet<\/td>\n<\/tr>\n<tr>\n<th scope=\"row\">Temp\u00e9rature de stockage.<\/th>\n<td>\u00a0-40-70<\/td>\n<\/tr>\n<tr>\n<th scope=\"row\">Temp\u00e9rature<\/th>\n<td>20 \u2013 50 \u00b0C<\/td>\n<\/tr>\n<tr>\n<th scope=\"row\">Humidit\u00e9<\/th>\n<td>10 \u2013 90 %<\/td>\n<\/tr>\n<tr>\n<th scope=\"row\">Garantie<\/th>\n<td>180 jours<\/td>\n<\/tr>\n<\/tbody>\n<\/table>","protected":false},"excerpt":{"rendered":"APER\u00c7U Antminer L11 Hydro 2U (35Gh) de l'algorithme Scrypt avec une puissance de calcul de 35Gh\/s pour une consommation de 5775W. SP\u00c9CIFICATIONS Fabricant Bitmain Mod\u00e8le Antminer L11 Hydro 2U (35Gh) Taille sans emballage 509 x 481 x 87 mm Taille avec emballage 710 x 640 x 220 mm Poids Net 19,1 Kg Tension 380 -415v Puissance 5775W Mode de connexion r\u00e9seau Ethernet RJ45 10\/100M\u2026 <a class=\"view-article\" href=\"https:\/\/asicmarketplace.com\/fr\/product\/bitmain-antminer-l11-hydro-2u-dogecoin-miner\/\">Voir l'article<\/a>","protected":false},"featured_media":34423,"comment_status":"open","ping_status":"closed","template":"","meta":{"content-type":""},"product_brand":[505],"product_cat":[15,594],"product_tag":[616,613,614,615,617],"class_list":{"0":"post-34421","1":"product","2":"type-product","3":"status-publish","4":"has-post-thumbnail","6":"product_brand-asic-miners","7":"product_cat-bitmain","8":"product_cat-hydro-miner","9":"product_tag-35gh-doge-miner","10":"product_tag-antminer-l11-hydro","11":"product_tag-bitmain-l11-2u","12":"product_tag-l11-hydro-dogecoin-miner","13":"product_tag-scrypt-hydro-asic","14":"collection-dogecoin-miners","15":"collection-litecoin-miners","17":"first","18":"outofstock","19":"featured","20":"shipping-taxable","21":"purchasable","22":"product-type-variable","23":"has-default-attributes"},"acf":[],"_links":{"self":[{"href":"https:\/\/asicmarketplace.com\/fr\/wp-json\/wp\/v2\/product\/34421","targetHints":{"allow":["GET"]}}],"collection":[{"href":"https:\/\/asicmarketplace.com\/fr\/wp-json\/wp\/v2\/product"}],"about":[{"href":"https:\/\/asicmarketplace.com\/fr\/wp-json\/wp\/v2\/types\/product"}],"replies":[{"embeddable":true,"href":"https:\/\/asicmarketplace.com\/fr\/wp-json\/wp\/v2\/comments?post=34421"}],"wp:featuredmedia":[{"embeddable":true,"href":"https:\/\/asicmarketplace.com\/fr\/wp-json\/wp\/v2\/media\/34423"}],"wp:attachment":[{"href":"https:\/\/asicmarketplace.com\/fr\/wp-json\/wp\/v2\/media?parent=34421"}],"wp:term":[{"taxonomy":"product_brand","embeddable":true,"href":"https:\/\/asicmarketplace.com\/fr\/wp-json\/wp\/v2\/product_brand?post=34421"},{"taxonomy":"product_cat","embeddable":true,"href":"https:\/\/asicmarketplace.com\/fr\/wp-json\/wp\/v2\/product_cat?post=34421"},{"taxonomy":"product_tag","embeddable":true,"href":"https:\/\/asicmarketplace.com\/fr\/wp-json\/wp\/v2\/product_tag?post=34421"}],"curies":[{"name":"wp","href":"https:\/\/api.w.org\/{rel}","templated":true}]}}