{"id":36275,"date":"2025-12-16T14:32:37","date_gmt":"2025-12-16T09:02:37","guid":{"rendered":"https:\/\/asicmarketplace.com\/?post_type=product&#038;p=36275"},"modified":"2026-03-24T09:37:02","modified_gmt":"2026-03-24T04:07:02","slug":"armoire-de-refroidissement-par-air-pour-mineurs-asic-bitmain-antminer-dctank-aw1-120kw","status":"publish","type":"product","link":"https:\/\/asicmarketplace.com\/fr\/product\/bitmain-antminer-dctank-aw1-120kw-asic-miners-air-cooling-cabinet\/","title":{"rendered":"Armoire de refroidissement par air pour mineurs Bitmain Antminer DCTANK AW1 120 kW Asic"},"content":{"rendered":"<p><strong>Bitmain Antminer DCTANK AW1<\/strong> Il s&#x27;agit d&#x27;un conteneur minier de 120 kW, de 376U, refroidi par air, que vous pouvez acheter en ligne chez Asic Marketplace \u00e0 un prix tr\u00e8s comp\u00e9titif et avec une livraison internationale sans souci.<\/p>\n<p><strong>Bitmain Antminer DCTANK AW1<\/strong> Il s&#x27;agit d&#x27;un conteneur de minage de 120 kW et 376 U \u00e0 refroidissement par air, con\u00e7u pour les mineurs professionnels qui recherchent une densit\u00e9 maximale et une infrastructure propre \u00e0 un prix comp\u00e9titif. Cette solution Bitmain Antminer DCTANK int\u00e8gre un syst\u00e8me de rack \u00e0 8 armoires, chacune offrant une capacit\u00e9 de 47 U, ce qui vous permet d&#x27;h\u00e9berger des centaines de mineurs ASIC classiques \u00e0 refroidissement par air dans une seule unit\u00e9 modulaire. Con\u00e7u pour offrir un flux d&#x27;air efficace et un PUE aussi bas que 1,11 \u00e0 25 \u00b0C, ce conteneur permet de r\u00e9duire le gaspillage d&#x27;\u00e9nergie tout en garantissant la stabilit\u00e9 et la productivit\u00e9 de votre mat\u00e9riel de minage. La configuration est optimis\u00e9e pour faciliter le c\u00e2blage, la maintenance et les extensions futures, ce qui en fait la solution id\u00e9ale pour les nouvelles fermes et les mises \u00e0 niveau \u00e0 partir de racks dispers\u00e9s. Lorsque vous commandez le Bitmain Antminer DCTANK AW1 en ligne chez Asic Marketplace, vous b\u00e9n\u00e9ficiez d\u2019une infrastructure Bitmain de confiance, d\u2019options de paiement flexibles par virement bancaire ou en cryptomonnaie, ainsi que d\u2019une livraison fiable depuis l\u2019entrep\u00f4t jusqu\u2019\u00e0 votre site.<\/p>\n<h4>Sp\u00e9cifications<\/h4>\n<table class=\"table table-striped\">\n<tbody>\n<tr>\n<th scope=\"row\">Fabricant<\/th>\n<td>Bitmain<\/td>\n<\/tr>\n<tr>\n<th scope=\"row\">Mod\u00e8le<\/th>\n<td>DCTANK AW1<\/td>\n<\/tr>\n<tr>\n<th scope=\"row\">Capacit\u00e9 du serveur,\u00a0<strong>U<\/strong><\/th>\n<td>376<\/td>\n<\/tr>\n<tr>\n<th scope=\"row\">Certification de conteneur<\/th>\n<td>CCS<\/td>\n<\/tr>\n<tr>\n<th scope=\"row\">Certification de s\u00e9curit\u00e9<\/th>\n<td>NFPA 79 : 2024<br \/>\nUL 508A :2018 R7.22<br \/>\nCSA C22.2 N\u00b0 301 :23<br \/>\nANSI\/ISO 12100:2012<br \/>\nEN ISO 12100:2010<br \/>\nNF EN 60204-1:2018<\/td>\n<\/tr>\n<tr>\n<th scope=\"row\">Tension et fr\u00e9quence d'entr\u00e9e<\/th>\n<td>400V | 50\/60Hz<\/td>\n<\/tr>\n<tr>\n<th scope=\"row\">Charge informatique totale,\u00a0<strong>KW<\/strong><\/th>\n<td>120<\/td>\n<\/tr>\n<tr>\n<th scope=\"row\">Poids d'exp\u00e9dition,\u00a0<strong>T<\/strong><\/th>\n<td>4.6<\/td>\n<\/tr>\n<tr>\n<th scope=\"row\">Interrupteur principal des armoires de distribution d'\u00e9nergie (A)<\/th>\n<td>250\u00d72<\/td>\n<\/tr>\n<tr>\n<th scope=\"row\">Courant nominal,<strong>\u00a0A<\/strong><\/th>\n<td>\u2264405<\/td>\n<\/tr>\n<tr>\n<th scope=\"row\">Nombre de baies de serveurs<\/th>\n<td>8<\/td>\n<\/tr>\n<tr>\n<th scope=\"row\">Capacit\u00e9 d'une seule armoire,<strong>\u00a0U<\/strong><\/th>\n<td>47<\/td>\n<\/tr>\n<tr>\n<th scope=\"row\">Densit\u00e9 de puissance par rack,<strong>\u00a0KW<\/strong><\/th>\n<td>15<\/td>\n<\/tr>\n<tr>\n<th scope=\"row\">C\u00e2ble d'alimentation<\/th>\n<td>Le c\u00e2ble entrant n\u00e9cessite deux c\u00e2bles triphas\u00e9s \u00e0 cinq fils,<br \/>\nchaque avec les exigences suivantes : c\u00e2ble monoconducteur L1 350 kcmil (185 mm\u00b2)<br \/>\nC\u00e2ble unipolaire L2 350 kcmil (185 mm\u00b2)<br \/>\nC\u00e2ble L3 \u00e0 \u00e2me unique 350kcMil (185mm\u00b2)<br \/>\nC\u00e2ble unipolaire 250 kcmil (127 mm\u00b2)<br \/>\nC\u00e2ble monoconducteur PE 250 kcmil (127 mm\u00b2)<\/td>\n<\/tr>\n<tr>\n<th scope=\"row\"><\/th>\n<td><\/td>\n<\/tr>\n<tr>\n<th scope=\"row\">Tour de refroidissement<\/th>\n<td><\/td>\n<\/tr>\n<tr>\n<th scope=\"row\">Taille<\/th>\n<td>6058 \u00d7 2438 \u00d7 2896 mm<\/td>\n<\/tr>\n<tr>\n<th scope=\"row\">PUE \u00e0 25\u2103 Temp\u00e9rature Ambiante<\/th>\n<td>1.11<\/td>\n<\/tr>\n<tr>\n<th scope=\"row\">Capacit\u00e9 de refroidissement nominale,\u00a0<strong>kW<\/strong><\/th>\n<td>120<\/td>\n<\/tr>\n<tr>\n<th scope=\"row\">Certification de conteneur<\/th>\n<td>CCS<\/td>\n<\/tr>\n<tr>\n<th scope=\"row\">Tension et fr\u00e9quence nominales du moteur<\/th>\n<td>400V | 50\/60Hz<\/td>\n<\/tr>\n<tr>\n<th scope=\"row\">Poids d'exp\u00e9dition,\u00a0<b>T<\/b><\/th>\n<td>5.8<\/td>\n<\/tr>\n<tr>\n<th scope=\"row\">Poids en ordre de marche,\u00a0<b>T<\/b><\/th>\n<td>7.8<\/td>\n<\/tr>\n<tr>\n<th scope=\"row\">Temp\u00e9rature de l'air d'alimentation,\u00a0<strong>\u2103<\/strong><\/th>\n<td>25<\/td>\n<\/tr>\n<tr>\n<th scope=\"row\">Temp\u00e9rature de retour d'air ,<strong>\u00b0C<\/strong><\/th>\n<td>38<\/td>\n<\/tr>\n<tr>\n<th scope=\"row\">Consommation d'eau @ 25\u02daC,\u00a0<strong>m<sup>3<\/sup>\/h<\/strong><\/th>\n<td>0.2<\/td>\n<\/tr>\n<tr>\n<th scope=\"row\">Bruit<\/th>\n<td>75 dB<\/td>\n<\/tr>\n<tr>\n<th scope=\"row\">Temp\u00e9rature<\/th>\n<td>-40 \u2013 45 \u00b0C<\/td>\n<\/tr>\n<tr>\n<th scope=\"row\">Humidit\u00e9<\/th>\n<td>5 -95%<\/td>\n<\/tr>\n<\/tbody>\n<\/table>","protected":false},"excerpt":{"rendered":"<table class=\"title-box\" data-v-42215f76=\"\">\r\n<tbody>\r\n<tr data-v-42215f76=\"\">\r\n<td data-v-42215f76=\"\"><span data-v-42215f76=\"\"><strong>Remarque<\/strong> : 1U | Espace Rack 376<\/span><\/td>\r\n<\/tr>\r\n<\/tbody>\r\n<\/table>\r\n<table class=\"title-box\" data-v-42215f76=\"\">\r\n<tbody>\r\n<tr data-v-42215f76=\"\">\r\n<td data-v-42215f76=\"\"><span data-v-42215f76=\"\"><strong>Remarque\u00a0:<\/strong> L'exp\u00e9dition varie selon la localisation. Contactez-nous par chat pour conna\u00eetre le meilleur tarif.<\/span><\/td>\r\n<\/tr>\r\n<\/tbody>\r\n<\/table>","protected":false},"featured_media":36277,"comment_status":"open","ping_status":"closed","template":"","meta":{"content-type":""},"product_brand":[506],"product_cat":[512,15],"product_tag":[],"class_list":{"0":"post-36275","1":"product","2":"type-product","3":"status-publish","4":"has-post-thumbnail","6":"product_brand-accessories","7":"product_cat-mining-rack","8":"product_cat-bitmain","10":"first","11":"outofstock","12":"shipping-taxable","13":"purchasable","14":"product-type-variable","15":"has-default-attributes"},"acf":[],"_links":{"self":[{"href":"https:\/\/asicmarketplace.com\/fr\/wp-json\/wp\/v2\/product\/36275","targetHints":{"allow":["GET"]}}],"collection":[{"href":"https:\/\/asicmarketplace.com\/fr\/wp-json\/wp\/v2\/product"}],"about":[{"href":"https:\/\/asicmarketplace.com\/fr\/wp-json\/wp\/v2\/types\/product"}],"replies":[{"embeddable":true,"href":"https:\/\/asicmarketplace.com\/fr\/wp-json\/wp\/v2\/comments?post=36275"}],"wp:featuredmedia":[{"embeddable":true,"href":"https:\/\/asicmarketplace.com\/fr\/wp-json\/wp\/v2\/media\/36277"}],"wp:attachment":[{"href":"https:\/\/asicmarketplace.com\/fr\/wp-json\/wp\/v2\/media?parent=36275"}],"wp:term":[{"taxonomy":"product_brand","embeddable":true,"href":"https:\/\/asicmarketplace.com\/fr\/wp-json\/wp\/v2\/product_brand?post=36275"},{"taxonomy":"product_cat","embeddable":true,"href":"https:\/\/asicmarketplace.com\/fr\/wp-json\/wp\/v2\/product_cat?post=36275"},{"taxonomy":"product_tag","embeddable":true,"href":"https:\/\/asicmarketplace.com\/fr\/wp-json\/wp\/v2\/product_tag?post=36275"}],"curies":[{"name":"wp","href":"https:\/\/api.w.org\/{rel}","templated":true}]}}