{"id":37566,"date":"2026-03-12T13:55:08","date_gmt":"2026-03-12T08:25:08","guid":{"rendered":"https:\/\/asicmarketplace.com\/?post_type=product&#038;p=37566"},"modified":"2026-04-09T17:59:48","modified_gmt":"2026-04-09T12:29:48","slug":"ipollo-clawpc-a1-mini","status":"publish","type":"product","link":"https:\/\/asicmarketplace.com\/fr\/product\/ipollo-clawpc-a1-mini\/","title":{"rendered":"iPollo ClawPC A1 Mini"},"content":{"rendered":"<h3 style=\"text-align: center\">APER\u00c7U<\/h3>\n<p style=\"text-align: center\">Le <strong>iPollo ClawPC A1 Mini<\/strong> est un ordinateur de bureau hybride compact combinant un puissant PC et une unit\u00e9 de traitement de la blockchain (BPU) d\u00e9di\u00e9e. Con\u00e7u pour le syst\u00e8me d'agent IA Open Claw, il prend en charge les t\u00e2ches d'IA locales, les jeux, la cr\u00e9ation de contenu et le minage de crypto-monnaie.<\/p>\n<p>Le<strong> iPollo ClawPC A1 Mini<\/strong> est un ordinateur de bureau compact qui combine l'informatique quotidienne avec le traitement int\u00e9gr\u00e9 de la blockchain. Il peut ex\u00e9cuter des agents d'IA en local tout en prenant en charge les jeux, les t\u00e2ches cr\u00e9atives et le minage de crypto-monnaie.<\/p>\n<p>Le <strong>iPollo ClawPC A1 Mini<\/strong> est un ordinateur de bureau hybride combinant un PC puissant et la technologie BPU int\u00e9gr\u00e9e. Con\u00e7u pour la plateforme Open Claw AI Agent, il prend en charge les t\u00e2ches d'IA, le minage de crypto-monnaies et l'utilisation quotidienne d'un PC, comme les jeux ou la cr\u00e9ation de contenu.<\/p>\n<h3 style=\"text-align: center\">CARACT\u00c9RISTIQUES TECHNIQUES<\/h3>\n<table class=\"alignleft\">\n<tbody>\n<tr>\n<th scope=\"row\">Fabricant<\/th>\n<td>iPollo<\/td>\n<\/tr>\n<tr>\n<th scope=\"row\">Mod\u00e8le<\/th>\n<td>V2H<\/td>\n<\/tr>\n<tr>\n<th scope=\"row\"><span class=\"ng-star-inserted\">Graphique<\/span><\/th>\n<td>AMD Radeon Vega7<\/td>\n<\/tr>\n<tr>\n<th scope=\"row\"><span class=\"ng-star-inserted\">OS<\/span><\/th>\n<td>Ubuntu pr\u00e9install\u00e9<\/td>\n<\/tr>\n<tr>\n<th scope=\"row\"><span class=\"ng-star-inserted\">Alimentation \u00e9lectrique<\/span><\/th>\n<td>\u00a0100-240V 50\/60Hz 2,0A, 19V=3,42A<\/td>\n<\/tr>\n<tr>\n<th scope=\"row\"><span class=\"ng-star-inserted\">M\u00e9moire (RAM)<\/span><\/th>\n<td>DDR4 \u00e0 double canal 3200 MHz, prise en charge maximale de 32 Go*2<\/td>\n<\/tr>\n<tr>\n<th scope=\"row\"><span class=\"ng-star-inserted\">Stockage<\/span><\/th>\n<td>M.2 2280 et M.2 2242 (256G\/512G\/1T\/2T(\u00d72))<\/td>\n<\/tr>\n<tr>\n<th scope=\"row\">Taille<\/th>\n<td>11,4 \u00d7 10,6 \u00d7 3,75 mm<\/td>\n<\/tr>\n<tr>\n<th scope=\"row\"><span class=\"ng-star-inserted\">R\u00e9seau<\/span><\/th>\n<td>Port LAN RJ45 10M\/100M\/1000M, Wi-Fi 6, Bluetooth 5.2<\/td>\n<\/tr>\n<tr>\n<th scope=\"row\"><span class=\"ng-star-inserted\">Ports (Interfaces)<\/span><\/th>\n<td><span class=\"ng-star-inserted\">HDMI * 2<br \/>\n<\/span><span class=\"ng-star-inserted\">Type-C * 1<br \/>\n<\/span><span class=\"ng-star-inserted\">USB 2.0 * 2<br \/>\n<\/span><span class=\"ng-star-inserted\">USB 3.0 * 2<br \/>\n<\/span><span class=\"ng-star-inserted\">Port LAN RJ45 1G * 1<br \/>\n<\/span><span class=\"ng-star-inserted\">Prise d'alimentation DC IN * 1<br \/>\n<\/span><span class=\"ng-star-inserted\">Prise casque 3,5 mm * 1<\/span><\/td>\n<\/tr>\n<\/tbody>\n<\/table>","protected":false},"excerpt":{"rendered":"OVERVIEW The iPollo ClawPC A1 Mini is a compact hybrid desktop combining a powerful PC with a dedicated Blockchain Processing Unit (BPU). Designed for the Open Claw AI Agent System, it supports local AI tasks, gaming, content creation, and crypto mining. The iPollo ClawPC A1 Mini is a compact desktop that combines daily computing with&#8230; <a class=\"view-article\" href=\"https:\/\/asicmarketplace.com\/fr\/product\/ipollo-clawpc-a1-mini\/\">View Article<\/a>","protected":false},"featured_media":37569,"comment_status":"open","ping_status":"closed","template":"","meta":{"content-type":""},"product_brand":[505,508],"product_cat":[196],"product_tag":[939,940,938],"class_list":{"0":"post-37566","1":"product","2":"type-product","3":"status-publish","4":"has-post-thumbnail","6":"product_brand-asic-miners","7":"product_brand-home-miners","8":"product_cat-ipollo","9":"product_tag-a1-mini","10":"product_tag-crypto-mining","11":"product_tag-ipollo-clawpc","13":"first","14":"instock","15":"featured","16":"shipping-taxable","17":"purchasable","18":"product-type-variable","19":"has-default-attributes"},"acf":[],"_links":{"self":[{"href":"https:\/\/asicmarketplace.com\/fr\/wp-json\/wp\/v2\/product\/37566","targetHints":{"allow":["GET"]}}],"collection":[{"href":"https:\/\/asicmarketplace.com\/fr\/wp-json\/wp\/v2\/product"}],"about":[{"href":"https:\/\/asicmarketplace.com\/fr\/wp-json\/wp\/v2\/types\/product"}],"replies":[{"embeddable":true,"href":"https:\/\/asicmarketplace.com\/fr\/wp-json\/wp\/v2\/comments?post=37566"}],"wp:featuredmedia":[{"embeddable":true,"href":"https:\/\/asicmarketplace.com\/fr\/wp-json\/wp\/v2\/media\/37569"}],"wp:attachment":[{"href":"https:\/\/asicmarketplace.com\/fr\/wp-json\/wp\/v2\/media?parent=37566"}],"wp:term":[{"taxonomy":"product_brand","embeddable":true,"href":"https:\/\/asicmarketplace.com\/fr\/wp-json\/wp\/v2\/product_brand?post=37566"},{"taxonomy":"product_cat","embeddable":true,"href":"https:\/\/asicmarketplace.com\/fr\/wp-json\/wp\/v2\/product_cat?post=37566"},{"taxonomy":"product_tag","embeddable":true,"href":"https:\/\/asicmarketplace.com\/fr\/wp-json\/wp\/v2\/product_tag?post=37566"}],"curies":[{"name":"wp","href":"https:\/\/api.w.org\/{rel}","templated":true}]}}